{"id":10455,"date":"2020-09-04T08:07:47","date_gmt":"2020-09-04T07:07:47","guid":{"rendered":"http:\/\/caen-yacht-club.com\/web\/?page_id=10455"},"modified":"2022-09-21T08:28:27","modified_gmt":"2022-09-21T07:28:27","slug":"inscription","status":"publish","type":"page","link":"https:\/\/caen-yacht-club.com\/web\/inscription\/","title":{"rendered":"CYC20_Inscription sur le CYC"},"content":{"rendered":"\n<p>Utilisez ce formulaire pour vous inscrire sur le site. Ceci n&#8217;est pas une adh\u00e9sion au Caen Yacht Club, vous devez \u00eatre adh\u00e9rent pour vous inscrire ici.<\/p>\n<p>A bient\u00f4t<\/p>\n\n\n\n\n\n<div class=\"pmagic\">   \n    <!-----Form Starts----->\n    <div class=\"pg-group-box-wrap pg-group-reg-form pg-group-form-field-icon pm-dbfl\">\n        <form class=\"pmagic-form pm-dbfl\"\n              method=\"post\"\n              action=\"\"\n              id=\"pm_regform_1\"\n              name=\"pm_regform_1\"\n              onsubmit=\"return profile_magic_frontend_validation(this)\"\n              enctype=\"multipart\/form-data\">\n\n            <input type=\"hidden\" name=\"pm_registration_nonce\" value=\"79da2221f6\" \/>\n            <fieldset id=\"fieldset_1\"><legend>D\u00e9tails personnels<\/legend><div class=\"pmrow\">        \n            <div class=\"pm-col pm-col-spacer\">\n            <\/div>\n        <\/div><div class=\"pmrow\">        \n        <div class=\"pm-col\">\n            <div class=\"pm-field-lable\">\n                <span class=\"pm-form-field-icon\"><\/span>\n                <label for=\"user_login\">Pseudo<sup class=\"pm_estric\">*<\/sup><\/label>\n            <\/div>\n            <div class=\"pm-field-input pm_user_name pm_required\">\n                <input title=\"\" type=\"text\" class=\"\" maxlength=\"\" value=\"\" id=\"user_login\" name=\"user_login\" placeholder=\"\" onkeyup=\"pm_frontend_check_username()\" onblur=\"pm_frontend_check_username()\">\n                <div class=\"errortext\" style=\"display:none;\"><\/div>\n                <div class=\"usernameerror\" style=\"display:none;\"><\/div>\n            <\/div>\n        <\/div>\n\n        <\/div><div class=\"pmrow\">        \n        <div class=\"pm-col\">\n            <div class=\"pm-field-lable\">\n                  <span class=\"pm-form-field-icon\"><\/span>\n                <label for=\"first_name\">Pr\u00e9nom<sup class=\"pm_estric\">*<\/sup><\/label>\n            <\/div>\n            <div class=\"pm-field-input pm_required\">\n                <input title=\"\" type=\"text\" class=\"\" maxlength=\"\" value=\"\" id=\"first_name\" name=\"first_name\" placeholder=\"\">\n                <div class=\"errortext\" style=\"display:none;\"><\/div>\n            <\/div>\n        <\/div>\n\n        <\/div><div class=\"pmrow\">        \n        <div class=\"pm-col\">\n            <div class=\"pm-field-lable\">\n                  <span class=\"pm-form-field-icon\"><\/span>\n                <label for=\"last_name\">Nom<sup class=\"pm_estric\">*<\/sup><\/label>\n            <\/div>\n            <div class=\"pm-field-input pm_required\">\n                <input title=\"\" type=\"text\" class=\"\" maxlength=\"\" value=\"\" id=\"last_name\" name=\"last_name\" placeholder=\"\">\n                <div class=\"errortext\" style=\"display:none;\"><\/div>\n            <\/div>\n        <\/div>\n\n        <\/div><div class=\"pmrow\">        \n        <div class=\"pm-col\">\n            <div class=\"pm-field-lable\">\n                  <span class=\"pm-form-field-icon\"><\/span>\n                <label for=\"user_email\">Email<sup class=\"pm_estric\">*<\/sup><\/label>\n            <\/div>\n            <div class=\"pm-field-input pm_email pm_user_email pm_required\">\n                                        <input title=\"\" type=\"email\" class=\"\"  value=\"\" id=\"user_email\" name=\"user_email\" placeholder=\"\" onkeyup=\"pm_frontend_check_useremail('')\" onblur=\"pm_frontend_check_useremail('')\" >\n                                        <div class=\"errortext\" style=\"display:none;\"><\/div>\n                <div class=\"useremailerror\" style=\"display:none;\"><\/div>\n            <\/div>\n        <\/div>\n\n        <\/div><div class=\"pmrow\">        \n\n\n        <div class=\"pm-col\">\n            <div class=\"pm-field-lable\">\n                  <span class=\"pm-form-field-icon\"><\/span>\n                <label for=\"pm_field_9\">Genre<\/label>\n            <\/div>\n            <div class=\"pm-field-input \">\n                <div class=\"pmradio pm_gender\">\n                    <div class=\"pm-radio-option\"><input title=\"\" type=\"radio\" class=\"\" id=\"pm_field_9\" name=\"pm_field_9\" value=\"Male\" > Masculin<\/div>\n                    <div class=\"pm-radio-option\"><input title=\"\" type=\"radio\" class=\"\" id=\"pm_field_9\" name=\"pm_field_9\" value=\"Female\" > F\u00e9minin<\/div>\n                    <div class=\"pm-radio-option\"><input title=\"\" type=\"radio\" class=\"\" id=\"pm_field_9\" name=\"pm_field_9\" value=\"Others\" > Autres<\/div>\n                <\/div>\n                <div class=\"errortext\" style=\"display:none;\"><\/div>\n            <\/div>\n        <\/div>\n        <\/div><div class=\"pmrow\">        \n        <div class=\"pm-col\">\n            <div class=\"pm-field-lable\">\n                 <span class=\"pm-form-field-icon\"><\/span>\n                <label for=\"pm_field_10\">T\u00e9l\u00e9phone<\/label>\n            <\/div>\n            <div class=\"pm-field-input pm_phone_number \">              \n                <input type=\"text\" title=\"\" class=\"\" maxlength=\"\" value=\"\" id=\"pm_field_10\" name=\"pm_field_10\" placeholder=\"N\u00b0 de T\u00e9l\u00e9phone\">\n                <div class=\"errortext\" style=\"display:none;\"><\/div>\n            <\/div>\n        <\/div>\n        <\/div><div class=\"pmrow\">        \n        <div class=\"pm-col pm-col-divider\">\n            <hr title=\"\" class=\"\">\n        <\/div>\n        <\/div><div class=\"pmrow\">        \n        <div class=\"pm-col\">\n            <div class=\"pm-field-lable\">\n                <span class=\"pm-form-field-icon\"><\/span>\n                <label for=\"pm_field_11\">Adresse 1<\/label>\n            <\/div>\n            <div class=\"pm-field-input \">\n                <input title=\"\" type=\"text\" class=\"\" maxlength=\"\" value=\"\" id=\"pm_field_11\" name=\"pm_field_11\" placeholder=\"\">\n                <div class=\"errortext\" style=\"display:none;\"><\/div>\n            <\/div>\n        <\/div>\n\n        <\/div><div class=\"pmrow\">        \n        <div class=\"pm-col\">\n            <div class=\"pm-field-lable\">\n                <span class=\"pm-form-field-icon\"><\/span>\n                <label for=\"pm_field_12\">Adresse 2<\/label>\n            <\/div>\n            <div class=\"pm-field-input \">\n                <input title=\"\" type=\"text\" class=\"\" maxlength=\"\" value=\"\" id=\"pm_field_12\" name=\"pm_field_12\" placeholder=\"\">\n                <div class=\"errortext\" style=\"display:none;\"><\/div>\n            <\/div>\n        <\/div>\n\n        <\/div><div class=\"pmrow\">        \n        <div class=\"pm-col\">\n            <div class=\"pm-field-lable\">\n                <span class=\"pm-form-field-icon\"><\/span>\n                <label for=\"pm_field_13\">Code Postal<\/label>\n            <\/div>\n            <div class=\"pm-field-input \">\n                <input title=\"\" type=\"text\" class=\"\" maxlength=\"5\" value=\"\" id=\"pm_field_13\" name=\"pm_field_13\" placeholder=\"\">\n                <div class=\"errortext\" style=\"display:none;\"><\/div>\n            <\/div>\n        <\/div>\n\n        <\/div><div class=\"pmrow\">        \n        <div class=\"pm-col\">\n            <div class=\"pm-field-lable\">\n                <span class=\"pm-form-field-icon\"><\/span>\n                <label for=\"pm_field_14\">Ville<\/label>\n            <\/div>\n            <div class=\"pm-field-input \">\n                <input title=\"\" type=\"text\" class=\"\" maxlength=\"\" value=\"\" id=\"pm_field_14\" name=\"pm_field_14\" placeholder=\"\">\n                <div class=\"errortext\" style=\"display:none;\"><\/div>\n            <\/div>\n        <\/div>\n\n        <\/div><div class=\"pmrow\">        \n      <div class=\"pm-col\">\n            <div class=\"pm-field-lable\">\n                <span class=\"pm-form-field-icon\"><\/span>\n                <label for=\"pm_field_33\">Facebook<\/label>\n            <\/div>\n            <div class=\"pm-field-input pm_facebook_url  \">\n                <input title=\"Votre compte\/page sur Facebook\" type=\"url\" class=\"\" maxlength=\"\" value=\"\" id=\"pm_field_33\" name=\"pm_field_33\" placeholder=\"\">\n                <div class=\"errortext\" style=\"display:none;\"><\/div>\n            <\/div>\n        <\/div>\n\n\n   \n        <\/div><div class=\"pmrow\">        \n      <div class=\"pm-col\">\n            <div class=\"pm-field-lable\">\n                <span class=\"pm-form-field-icon\"><\/span>\n                <label for=\"pm_field_34\">Twitter<\/label>\n            <\/div>\n            <div class=\"pm-field-input pm_twitter_url  \">\n                <input title=\"Mon compte Twitter\" type=\"url\" class=\"\" maxlength=\"\" value=\"\" id=\"pm_field_34\" name=\"pm_field_34\" placeholder=\"\">\n                <div class=\"errortext\" style=\"display:none;\"><\/div>\n            <\/div>\n        <\/div>\n        <\/div><div class=\"pmrow\">        \n        <div class=\"pm-col\">\n            <div class=\"pm-field-lable\">\n                <span class=\"pm-form-field-icon\"><\/span>\n                <label for=\"pm_field_17\">N\u00b0 Adr\u00e9rent au CYC<\/label>\n            <\/div>\n            <div class=\"pm-field-input \">\n                <input title=\"\" type=\"text\" class=\"\" maxlength=\"\" value=\"\" id=\"pm_field_17\" name=\"pm_field_17\" placeholder=\"\">\n                <div class=\"errortext\" style=\"display:none;\"><\/div>\n            <\/div>\n        <\/div>\n\n        <\/div><div class=\"pmrow\">        \n        <div class=\"pm-col pm-col-divider\">\n            <hr title=\"\" class=\"\">\n        <\/div>\n        <\/div><div class=\"pmrow\">        \n        <div class=\"pm-col\">\n            <div class=\"pm-field-lable\">\n                <span class=\"pm-form-field-icon\"><\/span>\n                <label for=\"user_pass\">Mot de passe<sup class=\"pm_estric\">*<\/sup><\/label>\n            <\/div>\n            <div class=\"pm-field-input pm_user_pass pm_required\">\n                <input title=\"\" type=\"password\" class=\"\" maxlength=\"\" value=\"\" id=\"user_pass\" name=\"user_pass\" placeholder=\"\">\n                <div class=\"errortext\" style=\"display:none;\"><\/div>\n            <\/div>\n        <\/div>\n\n        <\/div><div class=\"all_errors\" style=\"display:none;\"><\/div><\/fieldset>\n            <div class=\"buttonarea pm-full-width-container\">\n                <div class=\"all_errors\" style=\"display:none;\"><\/div>\n\n                     \n\n                \n                <input type=\"submit\"\n                       value=\"Envoyer\"\n                       name=\"reg_form_submit\">\n            <\/div>\n        <\/form>\n    <\/div>\n<\/div>\n\n","protected":false},"excerpt":{"rendered":"<p>Utilisez ce formulaire pour vous inscrire sur le site. Ceci n&#8217;est pas une adh\u00e9sion au Caen Yacht Club, vous devez \u00eatre adh\u00e9rent pour vous inscrire ici&#8230;.<\/p>\n","protected":false},"author":6,"featured_media":0,"parent":0,"menu_order":0,"comment_status":"closed","ping_status":"closed","template":"","meta":{"_exactmetrics_skip_tracking":false,"_exactmetrics_sitenote_active":false,"_exactmetrics_sitenote_note":"","_exactmetrics_sitenote_category":0,"jetpack_post_was_ever_published":false,"footnotes":""},"class_list":["post-10455","page","type-page","status-publish","hentry"],"yoast_head":"<!-- This site is optimized with the Yoast SEO plugin v27.4 - https:\/\/yoast.com\/product\/yoast-seo-wordpress\/ -->\n<title>Formulaire d&#039;inscription au Caen Yacht Club - Voile<\/title>\n<meta name=\"description\" content=\"Remplissez ce formulaire pour vous inscrire sur le site du Caen Yacht Club et profiter des nombreuses activit\u00e9s propos\u00e9es\" \/>\n<meta name=\"robots\" content=\"index, follow, max-snippet:-1, max-image-preview:large, max-video-preview:-1\" \/>\n<link rel=\"canonical\" href=\"https:\/\/caen-yacht-club.com\/web\/inscription\/\" \/>\n<meta property=\"og:locale\" content=\"fr_FR\" \/>\n<meta property=\"og:type\" content=\"article\" \/>\n<meta property=\"og:title\" content=\"Formulaire d&#039;inscription au Caen Yacht Club - Voile\" \/>\n<meta property=\"og:description\" content=\"Remplissez ce formulaire pour vous inscrire sur le site du Caen Yacht Club et profiter des nombreuses activit\u00e9s propos\u00e9es\" \/>\n<meta property=\"og:url\" content=\"https:\/\/caen-yacht-club.com\/web\/inscription\/\" \/>\n<meta property=\"og:site_name\" content=\"Caen Yacht Club\" \/>\n<meta property=\"article:modified_time\" content=\"2022-09-21T07:28:27+00:00\" \/>\n<meta property=\"og:image\" content=\"https:\/\/i0.wp.com\/caen-yacht-club.com\/web\/wp-content\/uploads\/2020\/03\/Logo_CYC_20170104-e1585662025871.png?fit=500%2C472&ssl=1\" \/>\n\t<meta property=\"og:image:width\" content=\"500\" \/>\n\t<meta property=\"og:image:height\" content=\"472\" \/>\n\t<meta property=\"og:image:type\" content=\"image\/png\" \/>\n<meta name=\"twitter:card\" content=\"summary_large_image\" \/>\n<meta name=\"twitter:label1\" content=\"Dur\u00e9e de lecture estim\u00e9e\" \/>\n\t<meta name=\"twitter:data1\" content=\"1 minute\" \/>\n<script type=\"application\/ld+json\" class=\"yoast-schema-graph\">{\"@context\":\"https:\\\/\\\/schema.org\",\"@graph\":[{\"@type\":\"WebPage\",\"@id\":\"https:\\\/\\\/caen-yacht-club.com\\\/web\\\/inscription\\\/\",\"url\":\"https:\\\/\\\/caen-yacht-club.com\\\/web\\\/inscription\\\/\",\"name\":\"Formulaire d'inscription au Caen Yacht Club - Voile\",\"isPartOf\":{\"@id\":\"https:\\\/\\\/caen-yacht-club.com\\\/web\\\/#website\"},\"datePublished\":\"2020-09-04T07:07:47+00:00\",\"dateModified\":\"2022-09-21T07:28:27+00:00\",\"description\":\"Remplissez ce formulaire pour vous inscrire sur le site du Caen Yacht Club et profiter des nombreuses activit\u00e9s propos\u00e9es\",\"breadcrumb\":{\"@id\":\"https:\\\/\\\/caen-yacht-club.com\\\/web\\\/inscription\\\/#breadcrumb\"},\"inLanguage\":\"fr-FR\",\"potentialAction\":[{\"@type\":\"ReadAction\",\"target\":[\"https:\\\/\\\/caen-yacht-club.com\\\/web\\\/inscription\\\/\"]}]},{\"@type\":\"BreadcrumbList\",\"@id\":\"https:\\\/\\\/caen-yacht-club.com\\\/web\\\/inscription\\\/#breadcrumb\",\"itemListElement\":[{\"@type\":\"ListItem\",\"position\":1,\"name\":\"Accueil\",\"item\":\"https:\\\/\\\/caen-yacht-club.com\\\/web\\\/\"},{\"@type\":\"ListItem\",\"position\":2,\"name\":\"CYC20_Inscription sur le CYC\"}]},{\"@type\":\"WebSite\",\"@id\":\"https:\\\/\\\/caen-yacht-club.com\\\/web\\\/#website\",\"url\":\"https:\\\/\\\/caen-yacht-club.com\\\/web\\\/\",\"name\":\"Caen Yacht Club\",\"description\":\"Naviguez en ville\",\"publisher\":{\"@id\":\"https:\\\/\\\/caen-yacht-club.com\\\/web\\\/#organization\"},\"potentialAction\":[{\"@type\":\"SearchAction\",\"target\":{\"@type\":\"EntryPoint\",\"urlTemplate\":\"https:\\\/\\\/caen-yacht-club.com\\\/web\\\/?s={search_term_string}\"},\"query-input\":{\"@type\":\"PropertyValueSpecification\",\"valueRequired\":true,\"valueName\":\"search_term_string\"}}],\"inLanguage\":\"fr-FR\"},{\"@type\":\"Organization\",\"@id\":\"https:\\\/\\\/caen-yacht-club.com\\\/web\\\/#organization\",\"name\":\"Caen Yacht Club\",\"url\":\"https:\\\/\\\/caen-yacht-club.com\\\/web\\\/\",\"logo\":{\"@type\":\"ImageObject\",\"inLanguage\":\"fr-FR\",\"@id\":\"https:\\\/\\\/caen-yacht-club.com\\\/web\\\/#\\\/schema\\\/logo\\\/image\\\/\",\"url\":\"https:\\\/\\\/i0.wp.com\\\/caen-yacht-club.com\\\/web\\\/wp-content\\\/uploads\\\/2020\\\/03\\\/Logo_CYC_20170104-e1585662025871.png?fit=500%2C472&ssl=1\",\"contentUrl\":\"https:\\\/\\\/i0.wp.com\\\/caen-yacht-club.com\\\/web\\\/wp-content\\\/uploads\\\/2020\\\/03\\\/Logo_CYC_20170104-e1585662025871.png?fit=500%2C472&ssl=1\",\"width\":500,\"height\":472,\"caption\":\"Caen Yacht Club\"},\"image\":{\"@id\":\"https:\\\/\\\/caen-yacht-club.com\\\/web\\\/#\\\/schema\\\/logo\\\/image\\\/\"}}]}<\/script>\n<!-- \/ Yoast SEO plugin. -->","yoast_head_json":{"title":"Formulaire d'inscription au Caen Yacht Club - Voile","description":"Remplissez ce formulaire pour vous inscrire sur le site du Caen Yacht Club et profiter des nombreuses activit\u00e9s propos\u00e9es","robots":{"index":"index","follow":"follow","max-snippet":"max-snippet:-1","max-image-preview":"max-image-preview:large","max-video-preview":"max-video-preview:-1"},"canonical":"https:\/\/caen-yacht-club.com\/web\/inscription\/","og_locale":"fr_FR","og_type":"article","og_title":"Formulaire d'inscription au Caen Yacht Club - Voile","og_description":"Remplissez ce formulaire pour vous inscrire sur le site du Caen Yacht Club et profiter des nombreuses activit\u00e9s propos\u00e9es","og_url":"https:\/\/caen-yacht-club.com\/web\/inscription\/","og_site_name":"Caen Yacht Club","article_modified_time":"2022-09-21T07:28:27+00:00","og_image":[{"width":500,"height":472,"url":"https:\/\/i0.wp.com\/caen-yacht-club.com\/web\/wp-content\/uploads\/2020\/03\/Logo_CYC_20170104-e1585662025871.png?fit=500%2C472&ssl=1","type":"image\/png"}],"twitter_card":"summary_large_image","twitter_misc":{"Dur\u00e9e de lecture estim\u00e9e":"1 minute"},"schema":{"@context":"https:\/\/schema.org","@graph":[{"@type":"WebPage","@id":"https:\/\/caen-yacht-club.com\/web\/inscription\/","url":"https:\/\/caen-yacht-club.com\/web\/inscription\/","name":"Formulaire d'inscription au Caen Yacht Club - Voile","isPartOf":{"@id":"https:\/\/caen-yacht-club.com\/web\/#website"},"datePublished":"2020-09-04T07:07:47+00:00","dateModified":"2022-09-21T07:28:27+00:00","description":"Remplissez ce formulaire pour vous inscrire sur le site du Caen Yacht Club et profiter des nombreuses activit\u00e9s propos\u00e9es","breadcrumb":{"@id":"https:\/\/caen-yacht-club.com\/web\/inscription\/#breadcrumb"},"inLanguage":"fr-FR","potentialAction":[{"@type":"ReadAction","target":["https:\/\/caen-yacht-club.com\/web\/inscription\/"]}]},{"@type":"BreadcrumbList","@id":"https:\/\/caen-yacht-club.com\/web\/inscription\/#breadcrumb","itemListElement":[{"@type":"ListItem","position":1,"name":"Accueil","item":"https:\/\/caen-yacht-club.com\/web\/"},{"@type":"ListItem","position":2,"name":"CYC20_Inscription sur le CYC"}]},{"@type":"WebSite","@id":"https:\/\/caen-yacht-club.com\/web\/#website","url":"https:\/\/caen-yacht-club.com\/web\/","name":"Caen Yacht Club","description":"Naviguez en ville","publisher":{"@id":"https:\/\/caen-yacht-club.com\/web\/#organization"},"potentialAction":[{"@type":"SearchAction","target":{"@type":"EntryPoint","urlTemplate":"https:\/\/caen-yacht-club.com\/web\/?s={search_term_string}"},"query-input":{"@type":"PropertyValueSpecification","valueRequired":true,"valueName":"search_term_string"}}],"inLanguage":"fr-FR"},{"@type":"Organization","@id":"https:\/\/caen-yacht-club.com\/web\/#organization","name":"Caen Yacht Club","url":"https:\/\/caen-yacht-club.com\/web\/","logo":{"@type":"ImageObject","inLanguage":"fr-FR","@id":"https:\/\/caen-yacht-club.com\/web\/#\/schema\/logo\/image\/","url":"https:\/\/i0.wp.com\/caen-yacht-club.com\/web\/wp-content\/uploads\/2020\/03\/Logo_CYC_20170104-e1585662025871.png?fit=500%2C472&ssl=1","contentUrl":"https:\/\/i0.wp.com\/caen-yacht-club.com\/web\/wp-content\/uploads\/2020\/03\/Logo_CYC_20170104-e1585662025871.png?fit=500%2C472&ssl=1","width":500,"height":472,"caption":"Caen Yacht Club"},"image":{"@id":"https:\/\/caen-yacht-club.com\/web\/#\/schema\/logo\/image\/"}}]}},"jetpack_sharing_enabled":true,"jetpack_shortlink":"https:\/\/wp.me\/P7ppuD-2ID","jetpack-related-posts":[{"id":9927,"url":"https:\/\/caen-yacht-club.com\/web\/sidentifier\/","url_meta":{"origin":10455,"position":0},"title":"CYC20_Connexion","author":"Emmanuel LECONTE","date":"8 mai 2020","format":false,"excerpt":"Si vous \u00eates adh\u00e9rent du Caen Yacht Club mais pas encore inscrit sur le siteCliquez ici pour vous inscrire","rel":"","context":"Article similaire","block_context":{"text":"Article similaire","link":""},"img":{"alt_text":"","src":"","width":0,"height":0},"classes":[]},{"id":11493,"url":"https:\/\/caen-yacht-club.com\/web\/inscriptions-aux-cours-de-voile\/","url_meta":{"origin":10455,"position":1},"title":"Inscriptions aux cours de voile","author":"Emmanuel LECONTE","date":"4 octobre 2021","format":false,"excerpt":"\u00a0 Inscriptions aux cours de voile \u00a0 Si vous \u00eates \u00e0 jour de votre adh\u00e9sion et de votre forfait voile, vous pouvez vous inscrire aux cours en 3 \u00e9tapes : T\u00e9l\u00e9chargez l'application SPOND sur votre t\u00e9l\u00e9phone et\/ou sur votre ordinateur. Cr\u00e9ez votre profil (Nom, pr\u00e9nom, mail, t\u00e9l\u00e9phone) Rejoignez le groupe\u2026","rel":"","context":"Article similaire","block_context":{"text":"Article similaire","link":""},"img":{"alt_text":"","src":"","width":0,"height":0},"classes":[]},{"id":164,"url":"https:\/\/caen-yacht-club.com\/web\/competition\/","url_meta":{"origin":10455,"position":2},"title":"CYC20_R\u00e9gate Comp\u00e9tition","author":"","date":"24 mars 2016","format":false,"excerpt":"Le Caen Yacht Club est labellis\u00e9 Ecole de Comp\u00e9tition par la F\u00e9d\u00e9ration Fran\u00e7aise de voile Vous disposez d\u00e9j\u00e0 d'une exp\u00e9rience et vous souhaitez passer au niveau sup\u00e9rieur en participant \u00e0 des r\u00e9gates. Nous vous proposons de vous entra\u00eener lors de cr\u00e9neaux sp\u00e9cifiques, afin de ma\u00eetriser les diff\u00e9rents postes et man\u0153uvres.\u2026","rel":"","context":"Article similaire","block_context":{"text":"Article similaire","link":""},"img":{"alt_text":"","src":"","width":0,"height":0},"classes":[]},{"id":16,"url":"https:\/\/caen-yacht-club.com\/web\/ecole-de-voile\/","url_meta":{"origin":10455,"position":3},"title":"CYC20_ecole de voile","author":"","date":"7 mars 2016","format":false,"excerpt":"NAVIGUEZ EN VILLE\u00a0! L\u2019\u00e9cole de voile du Caen Yacht Club dispose de 6 voiliers J80 pour naviguer sur les plans d\u2019eau caennais. Le J80, id\u00e9al pour d\u00e9buter comme pour performer est un quillard de sport de 8 m permettant la navigation jusqu\u2019\u00e0 5 personnes. Vous \u00eates int\u00e9ress\u00e9 pour naviguer r\u00e9guli\u00e8rement,\u2026","rel":"","context":"Article similaire","block_context":{"text":"Article similaire","link":""},"img":{"alt_text":"","src":"https:\/\/i0.wp.com\/caen-yacht-club.com\/web\/wp-content\/uploads\/4-bateaux.jpg?fit=1200%2C675&ssl=1&resize=350%2C200","width":350,"height":200,"srcset":"https:\/\/i0.wp.com\/caen-yacht-club.com\/web\/wp-content\/uploads\/4-bateaux.jpg?fit=1200%2C675&ssl=1&resize=350%2C200 1x, https:\/\/i0.wp.com\/caen-yacht-club.com\/web\/wp-content\/uploads\/4-bateaux.jpg?fit=1200%2C675&ssl=1&resize=525%2C300 1.5x, https:\/\/i0.wp.com\/caen-yacht-club.com\/web\/wp-content\/uploads\/4-bateaux.jpg?fit=1200%2C675&ssl=1&resize=700%2C400 2x, https:\/\/i0.wp.com\/caen-yacht-club.com\/web\/wp-content\/uploads\/4-bateaux.jpg?fit=1200%2C675&ssl=1&resize=1050%2C600 3x"},"classes":[]},{"id":10570,"url":"https:\/\/caen-yacht-club.com\/web\/cyc20_scolaires-etudiants\/","url_meta":{"origin":10455,"position":4},"title":"CYC20_Scolaires-Etudiants","author":"Emmanuel LECONTE","date":"12 octobre 2020","format":false,"excerpt":"Vous repr\u00e9sentez un coll\u00e8ge, un lyc\u00e9e, une association \u00e9tudiante et\u00a0souhaitez \u00a0apprendre, vous perfectionner ou vous pr\u00e9parer \u00e0 une course \u00e0 la voile sur un voilier habitable sportif. Nous vous proposons de naviguer une \u00e0 plusieurs fois par semaines afin d\u2019appr\u00e9hender les diff\u00e9rents postes, de fa\u00e7on autonome ou encadr\u00e9s par un\u2026","rel":"","context":"Article similaire","block_context":{"text":"Article similaire","link":""},"img":{"alt_text":"","src":"https:\/\/i0.wp.com\/vjxk6z2tznz.c.updraftclone.com\/web\/wp-content\/uploads\/2017\/05\/EFVoile-150x150.png?resize=350%2C200&ssl=1","width":350,"height":200},"classes":[]},{"id":9049,"url":"https:\/\/caen-yacht-club.com\/web\/calendrier-des-evenements\/","url_meta":{"origin":10455,"position":5},"title":"CYC20_Calendrier des \u00e9v\u00e8nements","author":"Emmanuel LECONTE","date":"6 avril 2020","format":false,"excerpt":"Calendrier des \u00e9v\u00e8nements du CYC Calendrier Liste Changer de moisMois courant janvierf\u00e9vriermarsavrilmaijuinjuilletao\u00fbtseptembreoctobrenovembred\u00e9cembre 20182019202020212022 mai, 2020 Type d'\u00e9v\u00e8nement TousChoraleConf\u00e9renceCours de manoeuvresCours de voileCours th\u00e9oriqueEntrainement autonomeEv\u00e8nement festifR\u00e9gates\/Comp\u00e9titionsR\u00e9unionSortie autonome Mois courant mai, 2020 Type d'\u00e9v\u00e8nement TousChoraleConf\u00e9renceCours de manoeuvresCours de voileCours th\u00e9oriqueEntrainement autonomeEv\u00e8nement festifR\u00e9gates\/Comp\u00e9titionsR\u00e9unionSortie autonome Calendrier Liste Mois courant mai, 2020 Type d'\u00e9v\u00e8nement TousChoraleConf\u00e9renceCours\u2026","rel":"","context":"Article similaire","block_context":{"text":"Article similaire","link":""},"img":{"alt_text":"","src":"","width":0,"height":0},"classes":[]}],"_links":{"self":[{"href":"https:\/\/caen-yacht-club.com\/web\/wp-json\/wp\/v2\/pages\/10455","targetHints":{"allow":["GET"]}}],"collection":[{"href":"https:\/\/caen-yacht-club.com\/web\/wp-json\/wp\/v2\/pages"}],"about":[{"href":"https:\/\/caen-yacht-club.com\/web\/wp-json\/wp\/v2\/types\/page"}],"author":[{"embeddable":true,"href":"https:\/\/caen-yacht-club.com\/web\/wp-json\/wp\/v2\/users\/6"}],"replies":[{"embeddable":true,"href":"https:\/\/caen-yacht-club.com\/web\/wp-json\/wp\/v2\/comments?post=10455"}],"version-history":[{"count":1,"href":"https:\/\/caen-yacht-club.com\/web\/wp-json\/wp\/v2\/pages\/10455\/revisions"}],"predecessor-version":[{"id":12066,"href":"https:\/\/caen-yacht-club.com\/web\/wp-json\/wp\/v2\/pages\/10455\/revisions\/12066"}],"wp:attachment":[{"href":"https:\/\/caen-yacht-club.com\/web\/wp-json\/wp\/v2\/media?parent=10455"}],"curies":[{"name":"wp","href":"https:\/\/api.w.org\/{rel}","templated":true}]}}