{"id":11493,"date":"2021-10-04T17:23:28","date_gmt":"2021-10-04T16:23:28","guid":{"rendered":"https:\/\/caen-yacht-club.com\/web\/?page_id=11493"},"modified":"2025-01-29T12:23:06","modified_gmt":"2025-01-29T11:23:06","slug":"inscriptions-aux-cours-de-voile","status":"publish","type":"page","link":"https:\/\/caen-yacht-club.com\/web\/inscriptions-aux-cours-de-voile\/","title":{"rendered":"Inscriptions aux cours de voile"},"content":{"rendered":"\n<p>\u00a0<\/p>\n<h1><strong>Inscriptions aux cours de voile<\/strong><\/h1>\n<p>\u00a0<\/p>\n<p>Si vous \u00eates \u00e0 jour de votre adh\u00e9sion et de votre forfait voile, vous pouvez vous inscrire aux cours en 3 \u00e9tapes :<\/p>\n<ol>\n<li>T\u00e9l\u00e9chargez l&#8217;application SPOND sur votre t\u00e9l\u00e9phone et\/ou sur votre ordinateur.<\/li>\n<li>Cr\u00e9ez votre profil (Nom, pr\u00e9nom, mail, t\u00e9l\u00e9phone)<\/li>\n<li>Rejoignez le groupe Ecole de Voile avec le code (5 lettres) qui vous sera communiqu\u00e9 par le club.<\/li>\n<\/ol>\n<p>Nous restons disponible pour vous guider dans cette d\u00e9marche.<\/p>\n<p>Si vous ne pouvez pas \u00eatre pr\u00e9sent au cours que vous avez r\u00e9serv\u00e9, merci de vous d\u00e9sinscrire.<\/p>\n<p>\u00a0<\/p>\n","protected":false},"excerpt":{"rendered":"<p>\u00a0 Inscriptions aux cours de voile \u00a0 Si vous \u00eates \u00e0 jour de votre adh\u00e9sion et de votre forfait voile, vous pouvez vous inscrire aux cours&#8230;<\/p>\n","protected":false},"author":6,"featured_media":0,"parent":0,"menu_order":0,"comment_status":"closed","ping_status":"closed","template":"","meta":{"_exactmetrics_skip_tracking":false,"_exactmetrics_sitenote_active":false,"_exactmetrics_sitenote_note":"","_exactmetrics_sitenote_category":0,"jetpack_post_was_ever_published":false,"footnotes":""},"class_list":["post-11493","page","type-page","status-publish","hentry"],"yoast_head":"<!-- This site is optimized with the Yoast SEO plugin v27.4 - https:\/\/yoast.com\/product\/yoast-seo-wordpress\/ -->\n<title>Caen Yacht Club<\/title>\n<meta name=\"robots\" content=\"index, follow, max-snippet:-1, max-image-preview:large, max-video-preview:-1\" \/>\n<link rel=\"canonical\" href=\"https:\/\/caen-yacht-club.com\/web\/inscriptions-aux-cours-de-voile\/\" \/>\n<meta property=\"og:locale\" content=\"fr_FR\" \/>\n<meta property=\"og:type\" content=\"article\" \/>\n<meta property=\"og:title\" content=\"Caen Yacht Club\" \/>\n<meta property=\"og:description\" content=\"\u00a0 Inscriptions aux cours de voile \u00a0 Si vous \u00eates \u00e0 jour de votre adh\u00e9sion et de votre forfait voile, vous pouvez vous inscrire aux cours...\" \/>\n<meta property=\"og:url\" content=\"https:\/\/caen-yacht-club.com\/web\/inscriptions-aux-cours-de-voile\/\" \/>\n<meta property=\"og:site_name\" content=\"Caen Yacht Club\" \/>\n<meta property=\"article:modified_time\" content=\"2025-01-29T11:23:06+00:00\" \/>\n<meta property=\"og:image\" content=\"https:\/\/i0.wp.com\/caen-yacht-club.com\/web\/wp-content\/uploads\/2020\/03\/Logo_CYC_20170104-e1585662025871.png?fit=500%2C472&ssl=1\" \/>\n\t<meta property=\"og:image:width\" content=\"500\" \/>\n\t<meta property=\"og:image:height\" content=\"472\" \/>\n\t<meta property=\"og:image:type\" content=\"image\/png\" \/>\n<meta name=\"twitter:card\" content=\"summary_large_image\" \/>\n<meta name=\"twitter:label1\" content=\"Dur\u00e9e de lecture estim\u00e9e\" \/>\n\t<meta name=\"twitter:data1\" content=\"1 minute\" \/>\n<script type=\"application\/ld+json\" class=\"yoast-schema-graph\">{\"@context\":\"https:\\\/\\\/schema.org\",\"@graph\":[{\"@type\":\"WebPage\",\"@id\":\"https:\\\/\\\/caen-yacht-club.com\\\/web\\\/inscriptions-aux-cours-de-voile\\\/\",\"url\":\"https:\\\/\\\/caen-yacht-club.com\\\/web\\\/inscriptions-aux-cours-de-voile\\\/\",\"name\":\"Caen Yacht Club\",\"isPartOf\":{\"@id\":\"https:\\\/\\\/caen-yacht-club.com\\\/web\\\/#website\"},\"datePublished\":\"2021-10-04T16:23:28+00:00\",\"dateModified\":\"2025-01-29T11:23:06+00:00\",\"breadcrumb\":{\"@id\":\"https:\\\/\\\/caen-yacht-club.com\\\/web\\\/inscriptions-aux-cours-de-voile\\\/#breadcrumb\"},\"inLanguage\":\"fr-FR\",\"potentialAction\":[{\"@type\":\"ReadAction\",\"target\":[\"https:\\\/\\\/caen-yacht-club.com\\\/web\\\/inscriptions-aux-cours-de-voile\\\/\"]}]},{\"@type\":\"BreadcrumbList\",\"@id\":\"https:\\\/\\\/caen-yacht-club.com\\\/web\\\/inscriptions-aux-cours-de-voile\\\/#breadcrumb\",\"itemListElement\":[{\"@type\":\"ListItem\",\"position\":1,\"name\":\"Accueil\",\"item\":\"https:\\\/\\\/caen-yacht-club.com\\\/web\\\/\"},{\"@type\":\"ListItem\",\"position\":2,\"name\":\"Inscriptions aux cours de voile\"}]},{\"@type\":\"WebSite\",\"@id\":\"https:\\\/\\\/caen-yacht-club.com\\\/web\\\/#website\",\"url\":\"https:\\\/\\\/caen-yacht-club.com\\\/web\\\/\",\"name\":\"Caen Yacht Club\",\"description\":\"Naviguez en ville\",\"publisher\":{\"@id\":\"https:\\\/\\\/caen-yacht-club.com\\\/web\\\/#organization\"},\"potentialAction\":[{\"@type\":\"SearchAction\",\"target\":{\"@type\":\"EntryPoint\",\"urlTemplate\":\"https:\\\/\\\/caen-yacht-club.com\\\/web\\\/?s={search_term_string}\"},\"query-input\":{\"@type\":\"PropertyValueSpecification\",\"valueRequired\":true,\"valueName\":\"search_term_string\"}}],\"inLanguage\":\"fr-FR\"},{\"@type\":\"Organization\",\"@id\":\"https:\\\/\\\/caen-yacht-club.com\\\/web\\\/#organization\",\"name\":\"Caen Yacht Club\",\"url\":\"https:\\\/\\\/caen-yacht-club.com\\\/web\\\/\",\"logo\":{\"@type\":\"ImageObject\",\"inLanguage\":\"fr-FR\",\"@id\":\"https:\\\/\\\/caen-yacht-club.com\\\/web\\\/#\\\/schema\\\/logo\\\/image\\\/\",\"url\":\"https:\\\/\\\/i0.wp.com\\\/caen-yacht-club.com\\\/web\\\/wp-content\\\/uploads\\\/2020\\\/03\\\/Logo_CYC_20170104-e1585662025871.png?fit=500%2C472&ssl=1\",\"contentUrl\":\"https:\\\/\\\/i0.wp.com\\\/caen-yacht-club.com\\\/web\\\/wp-content\\\/uploads\\\/2020\\\/03\\\/Logo_CYC_20170104-e1585662025871.png?fit=500%2C472&ssl=1\",\"width\":500,\"height\":472,\"caption\":\"Caen Yacht Club\"},\"image\":{\"@id\":\"https:\\\/\\\/caen-yacht-club.com\\\/web\\\/#\\\/schema\\\/logo\\\/image\\\/\"}}]}<\/script>\n<!-- \/ Yoast SEO plugin. -->","yoast_head_json":{"title":"Caen Yacht Club","robots":{"index":"index","follow":"follow","max-snippet":"max-snippet:-1","max-image-preview":"max-image-preview:large","max-video-preview":"max-video-preview:-1"},"canonical":"https:\/\/caen-yacht-club.com\/web\/inscriptions-aux-cours-de-voile\/","og_locale":"fr_FR","og_type":"article","og_title":"Caen Yacht Club","og_description":"\u00a0 Inscriptions aux cours de voile \u00a0 Si vous \u00eates \u00e0 jour de votre adh\u00e9sion et de votre forfait voile, vous pouvez vous inscrire aux cours...","og_url":"https:\/\/caen-yacht-club.com\/web\/inscriptions-aux-cours-de-voile\/","og_site_name":"Caen Yacht Club","article_modified_time":"2025-01-29T11:23:06+00:00","og_image":[{"width":500,"height":472,"url":"https:\/\/i0.wp.com\/caen-yacht-club.com\/web\/wp-content\/uploads\/2020\/03\/Logo_CYC_20170104-e1585662025871.png?fit=500%2C472&ssl=1","type":"image\/png"}],"twitter_card":"summary_large_image","twitter_misc":{"Dur\u00e9e de lecture estim\u00e9e":"1 minute"},"schema":{"@context":"https:\/\/schema.org","@graph":[{"@type":"WebPage","@id":"https:\/\/caen-yacht-club.com\/web\/inscriptions-aux-cours-de-voile\/","url":"https:\/\/caen-yacht-club.com\/web\/inscriptions-aux-cours-de-voile\/","name":"Caen Yacht Club","isPartOf":{"@id":"https:\/\/caen-yacht-club.com\/web\/#website"},"datePublished":"2021-10-04T16:23:28+00:00","dateModified":"2025-01-29T11:23:06+00:00","breadcrumb":{"@id":"https:\/\/caen-yacht-club.com\/web\/inscriptions-aux-cours-de-voile\/#breadcrumb"},"inLanguage":"fr-FR","potentialAction":[{"@type":"ReadAction","target":["https:\/\/caen-yacht-club.com\/web\/inscriptions-aux-cours-de-voile\/"]}]},{"@type":"BreadcrumbList","@id":"https:\/\/caen-yacht-club.com\/web\/inscriptions-aux-cours-de-voile\/#breadcrumb","itemListElement":[{"@type":"ListItem","position":1,"name":"Accueil","item":"https:\/\/caen-yacht-club.com\/web\/"},{"@type":"ListItem","position":2,"name":"Inscriptions aux cours de voile"}]},{"@type":"WebSite","@id":"https:\/\/caen-yacht-club.com\/web\/#website","url":"https:\/\/caen-yacht-club.com\/web\/","name":"Caen Yacht Club","description":"Naviguez en ville","publisher":{"@id":"https:\/\/caen-yacht-club.com\/web\/#organization"},"potentialAction":[{"@type":"SearchAction","target":{"@type":"EntryPoint","urlTemplate":"https:\/\/caen-yacht-club.com\/web\/?s={search_term_string}"},"query-input":{"@type":"PropertyValueSpecification","valueRequired":true,"valueName":"search_term_string"}}],"inLanguage":"fr-FR"},{"@type":"Organization","@id":"https:\/\/caen-yacht-club.com\/web\/#organization","name":"Caen Yacht Club","url":"https:\/\/caen-yacht-club.com\/web\/","logo":{"@type":"ImageObject","inLanguage":"fr-FR","@id":"https:\/\/caen-yacht-club.com\/web\/#\/schema\/logo\/image\/","url":"https:\/\/i0.wp.com\/caen-yacht-club.com\/web\/wp-content\/uploads\/2020\/03\/Logo_CYC_20170104-e1585662025871.png?fit=500%2C472&ssl=1","contentUrl":"https:\/\/i0.wp.com\/caen-yacht-club.com\/web\/wp-content\/uploads\/2020\/03\/Logo_CYC_20170104-e1585662025871.png?fit=500%2C472&ssl=1","width":500,"height":472,"caption":"Caen Yacht Club"},"image":{"@id":"https:\/\/caen-yacht-club.com\/web\/#\/schema\/logo\/image\/"}}]}},"jetpack_sharing_enabled":true,"jetpack_shortlink":"https:\/\/wp.me\/P7ppuD-2Zn","jetpack-related-posts":[{"id":9049,"url":"https:\/\/caen-yacht-club.com\/web\/calendrier-des-evenements\/","url_meta":{"origin":11493,"position":0},"title":"CYC20_Calendrier des \u00e9v\u00e8nements","author":"Emmanuel LECONTE","date":"6 avril 2020","format":false,"excerpt":"Calendrier des \u00e9v\u00e8nements du CYC Calendrier Liste Changer de moisMois courant janvierf\u00e9vriermarsavrilmaijuinjuilletao\u00fbtseptembreoctobrenovembred\u00e9cembre 20182019202020212022 mai, 2020 Type d'\u00e9v\u00e8nement TousChoraleConf\u00e9renceCours de manoeuvresCours de voileCours th\u00e9oriqueEntrainement autonomeEv\u00e8nement festifR\u00e9gates\/Comp\u00e9titionsR\u00e9unionSortie autonome Mois courant mai, 2020 Type d'\u00e9v\u00e8nement TousChoraleConf\u00e9renceCours de manoeuvresCours de voileCours th\u00e9oriqueEntrainement autonomeEv\u00e8nement festifR\u00e9gates\/Comp\u00e9titionsR\u00e9unionSortie autonome Calendrier Liste Mois courant mai, 2020 Type d'\u00e9v\u00e8nement TousChoraleConf\u00e9renceCours\u2026","rel":"","context":"Article similaire","block_context":{"text":"Article similaire","link":""},"img":{"alt_text":"","src":"","width":0,"height":0},"classes":[]},{"id":16,"url":"https:\/\/caen-yacht-club.com\/web\/ecole-de-voile\/","url_meta":{"origin":11493,"position":1},"title":"CYC20_ecole de voile","author":"","date":"7 mars 2016","format":false,"excerpt":"NAVIGUEZ EN VILLE\u00a0! L\u2019\u00e9cole de voile du Caen Yacht Club dispose de 6 voiliers J80 pour naviguer sur les plans d\u2019eau caennais. Le J80, id\u00e9al pour d\u00e9buter comme pour performer est un quillard de sport de 8 m permettant la navigation jusqu\u2019\u00e0 5 personnes. Vous \u00eates int\u00e9ress\u00e9 pour naviguer r\u00e9guli\u00e8rement,\u2026","rel":"","context":"Article similaire","block_context":{"text":"Article similaire","link":""},"img":{"alt_text":"","src":"https:\/\/i0.wp.com\/caen-yacht-club.com\/web\/wp-content\/uploads\/4-bateaux.jpg?fit=1200%2C675&ssl=1&resize=350%2C200","width":350,"height":200,"srcset":"https:\/\/i0.wp.com\/caen-yacht-club.com\/web\/wp-content\/uploads\/4-bateaux.jpg?fit=1200%2C675&ssl=1&resize=350%2C200 1x, https:\/\/i0.wp.com\/caen-yacht-club.com\/web\/wp-content\/uploads\/4-bateaux.jpg?fit=1200%2C675&ssl=1&resize=525%2C300 1.5x, https:\/\/i0.wp.com\/caen-yacht-club.com\/web\/wp-content\/uploads\/4-bateaux.jpg?fit=1200%2C675&ssl=1&resize=700%2C400 2x, https:\/\/i0.wp.com\/caen-yacht-club.com\/web\/wp-content\/uploads\/4-bateaux.jpg?fit=1200%2C675&ssl=1&resize=1050%2C600 3x"},"classes":[]},{"id":164,"url":"https:\/\/caen-yacht-club.com\/web\/competition\/","url_meta":{"origin":11493,"position":2},"title":"CYC20_R\u00e9gate Comp\u00e9tition","author":"","date":"24 mars 2016","format":false,"excerpt":"Le Caen Yacht Club est labellis\u00e9 Ecole de Comp\u00e9tition par la F\u00e9d\u00e9ration Fran\u00e7aise de voile Vous disposez d\u00e9j\u00e0 d'une exp\u00e9rience et vous souhaitez passer au niveau sup\u00e9rieur en participant \u00e0 des r\u00e9gates. Nous vous proposons de vous entra\u00eener lors de cr\u00e9neaux sp\u00e9cifiques, afin de ma\u00eetriser les diff\u00e9rents postes et man\u0153uvres.\u2026","rel":"","context":"Article similaire","block_context":{"text":"Article similaire","link":""},"img":{"alt_text":"","src":"","width":0,"height":0},"classes":[]},{"id":10570,"url":"https:\/\/caen-yacht-club.com\/web\/cyc20_scolaires-etudiants\/","url_meta":{"origin":11493,"position":3},"title":"CYC20_Scolaires-Etudiants","author":"Emmanuel LECONTE","date":"12 octobre 2020","format":false,"excerpt":"Vous repr\u00e9sentez un coll\u00e8ge, un lyc\u00e9e, une association \u00e9tudiante et\u00a0souhaitez \u00a0apprendre, vous perfectionner ou vous pr\u00e9parer \u00e0 une course \u00e0 la voile sur un voilier habitable sportif. Nous vous proposons de naviguer une \u00e0 plusieurs fois par semaines afin d\u2019appr\u00e9hender les diff\u00e9rents postes, de fa\u00e7on autonome ou encadr\u00e9s par un\u2026","rel":"","context":"Article similaire","block_context":{"text":"Article similaire","link":""},"img":{"alt_text":"","src":"https:\/\/i0.wp.com\/vjxk6z2tznz.c.updraftclone.com\/web\/wp-content\/uploads\/2017\/05\/EFVoile-150x150.png?resize=350%2C200&ssl=1","width":350,"height":200},"classes":[]},{"id":10572,"url":"https:\/\/caen-yacht-club.com\/web\/comite_entreprises\/","url_meta":{"origin":11493,"position":4},"title":"CYC20_CE-Entreprises","author":"Emmanuel LECONTE","date":"12 octobre 2020","format":false,"excerpt":"Vous repr\u00e9sentez une entreprise, une association sportive d\u2019entreprise, un comit\u00e9 d\u2019entreprise et\u00a0souhaitez \u00a0apprendre, vous perfectionner ou vous pr\u00e9parer \u00e0 une course \u00e0 la voile sur un voilier habitable sportif.Nous vous proposons de naviguer sur nos bateaux afin d\u2019appr\u00e9hender les diff\u00e9rents postes \u00e0 bord d\u2019un J80, de fa\u00e7on autonome ou encadr\u00e9s\u2026","rel":"","context":"Article similaire","block_context":{"text":"Article similaire","link":""},"img":{"alt_text":"","src":"https:\/\/i0.wp.com\/vjxk6z2tznz.c.updraftclone.com\/web\/wp-content\/uploads\/2016\/03\/Entreprise.jpg?resize=350%2C200&ssl=1","width":350,"height":200,"srcset":"https:\/\/i0.wp.com\/vjxk6z2tznz.c.updraftclone.com\/web\/wp-content\/uploads\/2016\/03\/Entreprise.jpg?resize=350%2C200&ssl=1 1x, https:\/\/i0.wp.com\/vjxk6z2tznz.c.updraftclone.com\/web\/wp-content\/uploads\/2016\/03\/Entreprise.jpg?resize=525%2C300&ssl=1 1.5x, https:\/\/i0.wp.com\/vjxk6z2tznz.c.updraftclone.com\/web\/wp-content\/uploads\/2016\/03\/Entreprise.jpg?resize=700%2C400&ssl=1 2x"},"classes":[]},{"id":37,"url":"https:\/\/caen-yacht-club.com\/web\/ateliers\/","url_meta":{"origin":11493,"position":5},"title":"CYC20_Cours th\u00e9oriques","author":"","date":"7 mars 2016","format":false,"excerpt":"Le Caen Yacht Club propose tout au long de l'ann\u00e9e diff\u00e9rents types de formations th\u00e9oriques, gratuites (sauf PSC1), ouvertes aux membres du Caen Yacht Club, utiles pour tout bon marin. M\u00e9t\u00e9o Tous les documents sont disponibles sur le drive, ici. Navigation \u00e9lectronique Installation d'Open CPN, des cartes gratuites en service\u2026","rel":"","context":"Article similaire","block_context":{"text":"Article similaire","link":""},"img":{"alt_text":"","src":"","width":0,"height":0},"classes":[]}],"_links":{"self":[{"href":"https:\/\/caen-yacht-club.com\/web\/wp-json\/wp\/v2\/pages\/11493","targetHints":{"allow":["GET"]}}],"collection":[{"href":"https:\/\/caen-yacht-club.com\/web\/wp-json\/wp\/v2\/pages"}],"about":[{"href":"https:\/\/caen-yacht-club.com\/web\/wp-json\/wp\/v2\/types\/page"}],"author":[{"embeddable":true,"href":"https:\/\/caen-yacht-club.com\/web\/wp-json\/wp\/v2\/users\/6"}],"replies":[{"embeddable":true,"href":"https:\/\/caen-yacht-club.com\/web\/wp-json\/wp\/v2\/comments?post=11493"}],"version-history":[{"count":4,"href":"https:\/\/caen-yacht-club.com\/web\/wp-json\/wp\/v2\/pages\/11493\/revisions"}],"predecessor-version":[{"id":13911,"href":"https:\/\/caen-yacht-club.com\/web\/wp-json\/wp\/v2\/pages\/11493\/revisions\/13911"}],"wp:attachment":[{"href":"https:\/\/caen-yacht-club.com\/web\/wp-json\/wp\/v2\/media?parent=11493"}],"curies":[{"name":"wp","href":"https:\/\/api.w.org\/{rel}","templated":true}]}}