{"id":28,"date":"2016-03-07T19:15:45","date_gmt":"2016-03-07T18:15:45","guid":{"rendered":"http:\/\/caen-yacht-club.com\/web\/?page_id=28"},"modified":"2024-02-28T10:19:16","modified_gmt":"2024-02-28T09:19:16","slug":"cafe_maritime","status":"publish","type":"page","link":"https:\/\/caen-yacht-club.com\/web\/cafe_maritime\/","title":{"rendered":"CYC20_Caf\u00e9 maritime"},"content":{"rendered":"<p align=\"justify\"><strong>Une fois par mois Le Caen Yacht Club ouvre ses portes pour accueillir un Caf\u00e9 Maritime (type caf\u00e9 litt\u00e9raire) avec pour objectif :<\/strong><\/p>\n<ul>\n<li>\n<p align=\"justify\"><span style=\"font-family: Open Sans,sans-serif;\">d\u2019informer ses membres et plus largement le public int\u00e9ress\u00e9 par la vie maritime, les marins, la culture et l\u2019\u00e9conomie maritime normande et d&#8217;ailleurs,\u00a0<\/span><\/p>\n<\/li>\n<li>\n<p align=\"justify\"><span style=\"font-family: Open Sans,sans-serif;\">de faire \u00e9merger une communaut\u00e9 maritime \u00ab inform\u00e9e et cultiv\u00e9e \u00bb, motiv\u00e9e pour participer au d\u00e9veloppement de son espace maritime et \u00e0 m\u00eame d\u2019afficher des valeurs partag\u00e9es. \u2028Espace de dialogue, le Caf\u00e9 Maritime accueille un ou deux acteurs experts de la vie maritime r\u00e9gionale venant pr\u00e9senter un sujet ou un projet et d\u00e9battre avec le public.<\/span><\/p>\n<\/li>\n<\/ul>\n<h2 class=\"western\">Les <span style=\"color: #1679db;\"><strong><em>Caf\u00e9s Maritimes<\/em><\/strong><\/span> \u00e0 venir<\/h2>\n<p><b><i>Mars 2024 : <\/i><\/b><\/p>\n<ul>\n<li><b><i>28 mars : les ports du Calvados avec Antoine de Gouville<\/i><\/b><\/li>\n<li><b><i>18 avril : les \u00eeles anglo-normandes<\/i><\/b><\/li>\n<li><b><i>16 mai : Ile St-Marcouf<\/i><\/b><\/li>\n<\/ul>\n<h2 class=\"western\">Les <strong><em><span style=\"color: #1679db;\">Caf\u00e9s Maritimes<\/span><\/em><\/strong> pr\u00e9c\u00e9dents<\/h2>\n<ul>\n<li><span style=\"font-family: arial, helvetica, sans-serif; font-size: 14px;\"><strong><em>\u00ab L&#8217;odyss\u00e9e du corsaire sudiste CSS Alabama, de Liverpool \u00e0 Cherbourg \u00bb<\/em><\/strong><em> J<\/em><em>ustin Lecarpentier<\/em><\/span><\/li>\n<li><span style=\"font-family: arial, helvetica, sans-serif; font-size: 14px;\"><strong><em>\u00ab Le programme CIMARCONET et l&#8217;inscription Maritime \u00bb<\/em><\/strong><em>Magali Duchesne-Lach\u00e8vre<\/em><\/span><\/li>\n<li><span style=\"font-family: arial, helvetica, sans-serif; font-size: 14px;\"><strong><em>\u00ab P\u00eacher sous l&#8217;occupation, une histoire de gens de mer en temps de guerre \u00bb <\/em><\/strong><em>Marie-Pierre Labonne<\/em><\/span><\/li>\n<li><span style=\"font-family: arial, helvetica, sans-serif; font-size: 14px;\"><strong><em>\u00ab L&#8217;histoire d&#8217;un capitaine au long cours Normand, Ernest Ybert \u00bb <\/em><\/strong><em>L\u00e9onor Tr\u00e9by<\/em><\/span><\/li>\n<li><span style=\"font-family: arial, helvetica, sans-serif; font-size: 14px;\"><strong><em>\u00ab Grand Large Yachting \u00bb <\/em><\/strong><em>Cyrille Corlet<\/em><\/span><\/li>\n<li><span style=\"font-family: arial, helvetica, sans-serif; font-size: 14px;\"><strong><em>\u00ab Les Vikings au IX\u00e8 \u00bb<\/em><\/strong><em>, Pierre Bouet<\/em><\/span><\/li>\n<li><span style=\"font-family: arial, helvetica, sans-serif; font-size: 14px;\"><strong><em>\u00ab Pr\u00e9sentation du pilotage maritime \u00bb<\/em><\/strong><em>, Christophe Hurel, pilote de la Seine Caen-Dieppe<\/em><\/span><\/li>\n<li><span style=\"font-family: arial, helvetica, sans-serif; font-size: 14px;\"><strong><em>\u00ab Espace Manche, un monde en Europe \u00bb<\/em><\/strong><em>, Fr\u00e9d\u00e9rique Loew-Turbout, g\u00e9ographe et ing\u00e9nieur de recherche \u00e0 la Maison de la Recherche en Sciences Humaines.<\/em><\/span><\/li>\n<li><span style=\"font-family: arial, helvetica, sans-serif; font-size: 14px;\"><strong><em>\u00ab Capitainerie Caen-Ouistreham \u00bb<\/em><\/strong><em>, Guillaume Bourienne<\/em><\/span><\/li>\n<li><span style=\"font-family: arial, helvetica, sans-serif; font-size: 14px;\"><strong><em>\u00ab Le chantier de la Mora &#8211; Guillaume le Conqu\u00e9rant \u00bb<\/em><\/strong><em>, Amiral Yves Lagane<\/em><\/span><\/li>\n<li><span style=\"font-family: arial, helvetica, sans-serif; font-size: 14px;\"><strong><em>\u00ab L\u2019Aventure du chaland-sablier de Bamako, Mali (1828-2018) <\/em><em>\u00bb<\/em><\/strong><em>, Patrick F\u00e9ron, chercheur sp\u00e9cialis\u00e9 en construction navale traditionnelle.<\/em><\/span><\/li>\n<li><span style=\"font-family: arial, helvetica, sans-serif; font-size: 14px;\"><i><b>\u00ab <\/b><\/i><i><b>Les algues marines de Lannilis \u00e0 St L\u00f4, quel avenir\u00a0?<\/b><\/i><i><b> <\/b><\/i><i><b>ALGAIA \u00bb<\/b><\/i>, le directeur du\u00a0d\u00e9partement \u00ab\u00a0Recherche et Innovation\u00a0\u00bb.<\/span><\/li>\n<li><span style=\"font-family: arial, helvetica, sans-serif; font-size: 14px;\"><i><b>\u00ab La <\/b><\/i><i><b>Solitaire URGO Le Figaro 2018\u00a0: Calliste, jeune skipper normand nous fait vivre sa pr\u00e9paration<\/b><\/i><i><b>\u00bb<\/b><\/i>, Calliste Antoine.<\/span><\/li>\n<li><span style=\"font-family: arial, helvetica, sans-serif; font-size: 14px;\"><i><b>Objectif \u00ab <\/b><\/i><i><b><strong>la Route du Rhum Destination Guadeloupe<\/strong>\u00bb, <\/b><\/i>Claire Pruvot, skipper normande.<\/span><\/li>\n<li><span style=\"font-family: arial, helvetica, sans-serif; font-size: 14px;\"><i><b>\u00ab P\u00eaches maritimes et \u00e9levages marins <\/b><\/i><i><b>en Manche<\/b><\/i><i><b>\u00bb<\/b><\/i>, Dimitri Rogoff, Pr\u00e9sident du Comit\u00e9 R\u00e9gional des P\u00eaches Maritimes et \u00c9levages Marins de Normandie.<\/span><\/li>\n<li><span style=\"font-family: arial, helvetica, sans-serif; font-size: 14px;\">\u00ab<i><b>\u00a0<\/b><\/i><i><b>Oiseaux et mammif\u00e8res marins\u00a0<\/b><\/i><i><b>en<\/b><\/i><i><b> Manche\u00a0\u00bb,<\/b><\/i> Jean-Fran\u00e7ois Elder, responsable scientifique de la R\u00e9serve de Beauguillot (50).<\/span><\/li>\n<li><span style=\"font-family: arial, helvetica, sans-serif; font-size: 14px;\"><i><b>\u00ab Les \u00e9nergies marines renouvelables, le projet \u00e9olien de Courseulles et le projet hydrolien du Raz Blanchard \u00bb<\/b><\/i>, Herv\u00e9 Monin, chef de projet Usages et S\u00e9curit\u00e9 Maritimes EDF.<\/span><\/li>\n<li><span style=\"font-family: arial, helvetica, sans-serif; font-size: 14px;\"><i><b>\u00ab Le bassin Saint Pierre et la presqu\u2019\u00eele, aujourd\u2019hui et demain \u00bb,<\/b><\/i> Sonia de la Prov\u00f4t\u00e9.<\/span><\/li>\n<li><span style=\"font-family: arial, helvetica, sans-serif; font-size: 14px;\"><i><b>\u00ab Au Noro\u00eet de l\u2019\u00c9cosse, Saint Kilda : une \u00eele hors du temps \u00bb<\/b><\/i>, Gabrielle Turgis<\/span><\/li>\n<li><span style=\"font-family: arial, helvetica, sans-serif; font-size: 14px;\"><i><b>&#8220;Un \u00e9levage d&#8217;hippocampes \u00e0 Caen&#8221;<\/b><\/i> Christine et J\u00e9r\u00f4me D\u00e9tienne, cr\u00e9ateurs de l\u2019entreprise &#8220;Ecurie Marine&#8221;. <a href=\"http:\/\/www.ecuriemarine.fr\/\" target=\"_blank\" rel=\"noopener noreferrer\">www.ecuriemarine.fr<\/a><\/span><\/li>\n<li><span style=\"font-family: arial, helvetica, sans-serif; font-size: 14px;\"><i><b>\u00ab 14-18, la guerre maritime en Manche et en Mer du Nord \u00bb<\/b><\/i>, Serge David, Pr\u00e9sident du club de Caen-Plong\u00e9e.<\/span><\/li>\n<li><span style=\"font-family: arial, helvetica, sans-serif; font-size: 14px;\"><i><b>\u00ab Le port de commerce de Caen : la vie du canal et ses m\u00e9tiers \u00bb<\/b><\/i>, Karine le Petit, ethnologue \u00e0 la Normandie Patrimoine.<\/span><\/li>\n<li><span style=\"font-family: arial, helvetica, sans-serif; font-size: 14px;\"><i><b>\u00ab La Favorite : tribulations d\u2019une fr\u00e9gate n\u00e9gri\u00e8re, au XVIIIe si\u00e8cle \u00bb<\/b><\/i><strong>, 1\u00e8re partie<\/strong>, Philippe et Hubert Caplet. <a href=\"http:\/\/www.fregatelafavorite.fr\/\" target=\"_blank\" rel=\"noopener noreferrer\">www.fregatelafavorite.fr<\/a><\/span><\/li>\n<li><span style=\"font-family: arial, helvetica, sans-serif; font-size: 14px;\"><i><b>\u00ab La Favorite : tribulations d\u2019une fr\u00e9gate n\u00e9gri\u00e8re, au XVIIIe si\u00e8cle \u00bb<\/b><\/i><strong>, 2\u00e9me partie<\/strong>, Hubert Caplet. <a href=\"http:\/\/www.fregatelafavorite.fr\/\" target=\"_blank\" rel=\"noopener noreferrer\">www.fregatelafavorite.fr<\/a><\/span><\/li>\n<li><span style=\"font-family: arial, helvetica, sans-serif; font-size: 14px;\"><i><b>\u00ab Une dr\u00f4le d\u2019\u00e9curie aquatique : un \u00e9levage d\u2019hippocampes \u00bb<\/b><\/i>, Christine et J\u00e9r\u00f4me D\u00e9tienne, cr\u00e9ateurs de l\u2019entreprise situ\u00e9e \u00e0 Fresne-Camilly. <a href=\"http:\/\/www.ecuriemarine.fr\/\" target=\"_blank\" rel=\"noopener noreferrer\">www.ecuriemarine.fr<\/a><\/span><\/li>\n<li><span style=\"font-family: arial, helvetica, sans-serif; font-size: 14px;\"><i><b>\u00ab La s\u00e9curit\u00e9 en mer : l\u2019alerte et les missions de recherche \u00bb<\/b><\/i>, Jean-Luc Noslier, directeur du CROSS Jobourg et Pascal Blin, chef d\u2019op\u00e9rations du CROSS Jobourg. <a href=\"http:\/\/www.cross-jobourg.developpement-durable.gouv.fr\/\" target=\"_blank\" rel=\"noopener noreferrer\">www.cross-jobourg.developpement-durable.gouv.fr<\/a><\/span><\/li>\n<\/ul>\n<h3 class=\"western\"><strong>Vos id\u00e9es sont les bienvenues !<\/strong><\/h3>\n<p><span style=\"font-size: 14px;\">Contact : Justine par mail <a href=\"mailto:cyc.animation@gmail.com\">cyc.animation@gmail.com<\/a><\/span><\/p>\n<h3 class=\"western\"><strong><span style=\"font-family: Open Sans,sans-serif;\">\u00a0<\/span><\/strong><\/h3>\n","protected":false},"excerpt":{"rendered":"<p>Une fois par mois Le Caen Yacht Club ouvre ses portes pour accueillir un Caf\u00e9 Maritime (type caf\u00e9 litt\u00e9raire) avec pour objectif : d\u2019informer ses membres&#8230;<\/p>\n","protected":false},"author":424,"featured_media":0,"parent":0,"menu_order":0,"comment_status":"closed","ping_status":"closed","template":"","meta":{"_exactmetrics_skip_tracking":false,"_exactmetrics_sitenote_active":false,"_exactmetrics_sitenote_note":"","_exactmetrics_sitenote_category":0,"jetpack_post_was_ever_published":false,"footnotes":""},"class_list":["post-28","page","type-page","status-publish","hentry"],"yoast_head":"<!-- This site is optimized with the Yoast SEO plugin v27.4 - https:\/\/yoast.com\/product\/yoast-seo-wordpress\/ -->\n<title>Caf\u00e9 maritime<\/title>\n<meta name=\"description\" content=\"\u2028Le Caf\u00e9 maritime accueille un ou deux acteurs experts de la vie maritime r\u00e9gionale venant pr\u00e9senter un sujet et d\u00e9battre avec le public.\" \/>\n<meta name=\"robots\" content=\"index, follow, max-snippet:-1, max-image-preview:large, max-video-preview:-1\" \/>\n<link rel=\"canonical\" href=\"https:\/\/caen-yacht-club.com\/web\/cafe_maritime\/\" \/>\n<meta property=\"og:locale\" content=\"fr_FR\" \/>\n<meta property=\"og:type\" content=\"article\" \/>\n<meta property=\"og:title\" content=\"Caf\u00e9 maritime\" \/>\n<meta property=\"og:description\" content=\"\u2028Le Caf\u00e9 maritime accueille un ou deux acteurs experts de la vie maritime r\u00e9gionale venant pr\u00e9senter un sujet et d\u00e9battre avec le public.\" \/>\n<meta property=\"og:url\" content=\"https:\/\/caen-yacht-club.com\/web\/cafe_maritime\/\" \/>\n<meta property=\"og:site_name\" content=\"Caen Yacht Club\" \/>\n<meta property=\"article:modified_time\" content=\"2024-02-28T09:19:16+00:00\" \/>\n<meta property=\"og:image\" content=\"https:\/\/i0.wp.com\/caen-yacht-club.com\/web\/wp-content\/uploads\/2020\/03\/Logo_CYC_20170104-e1585662025871.png?fit=500%2C472&ssl=1\" \/>\n\t<meta property=\"og:image:width\" content=\"500\" \/>\n\t<meta property=\"og:image:height\" content=\"472\" \/>\n\t<meta property=\"og:image:type\" content=\"image\/png\" \/>\n<meta name=\"twitter:card\" content=\"summary_large_image\" \/>\n<meta name=\"twitter:label1\" content=\"Dur\u00e9e de lecture estim\u00e9e\" \/>\n\t<meta name=\"twitter:data1\" content=\"3 minutes\" \/>\n<script type=\"application\/ld+json\" class=\"yoast-schema-graph\">{\"@context\":\"https:\\\/\\\/schema.org\",\"@graph\":[{\"@type\":\"WebPage\",\"@id\":\"https:\\\/\\\/caen-yacht-club.com\\\/web\\\/cafe_maritime\\\/\",\"url\":\"https:\\\/\\\/caen-yacht-club.com\\\/web\\\/cafe_maritime\\\/\",\"name\":\"Caf\u00e9 maritime\",\"isPartOf\":{\"@id\":\"https:\\\/\\\/caen-yacht-club.com\\\/web\\\/#website\"},\"datePublished\":\"2016-03-07T18:15:45+00:00\",\"dateModified\":\"2024-02-28T09:19:16+00:00\",\"description\":\"\\u2028Le Caf\u00e9 maritime accueille un ou deux acteurs experts de la vie maritime r\u00e9gionale venant pr\u00e9senter un sujet et d\u00e9battre avec le public.\",\"breadcrumb\":{\"@id\":\"https:\\\/\\\/caen-yacht-club.com\\\/web\\\/cafe_maritime\\\/#breadcrumb\"},\"inLanguage\":\"fr-FR\",\"potentialAction\":[{\"@type\":\"ReadAction\",\"target\":[\"https:\\\/\\\/caen-yacht-club.com\\\/web\\\/cafe_maritime\\\/\"]}]},{\"@type\":\"BreadcrumbList\",\"@id\":\"https:\\\/\\\/caen-yacht-club.com\\\/web\\\/cafe_maritime\\\/#breadcrumb\",\"itemListElement\":[{\"@type\":\"ListItem\",\"position\":1,\"name\":\"Accueil\",\"item\":\"https:\\\/\\\/caen-yacht-club.com\\\/web\\\/\"},{\"@type\":\"ListItem\",\"position\":2,\"name\":\"CYC20_Caf\u00e9 maritime\"}]},{\"@type\":\"WebSite\",\"@id\":\"https:\\\/\\\/caen-yacht-club.com\\\/web\\\/#website\",\"url\":\"https:\\\/\\\/caen-yacht-club.com\\\/web\\\/\",\"name\":\"Caen Yacht Club\",\"description\":\"Naviguez en ville\",\"publisher\":{\"@id\":\"https:\\\/\\\/caen-yacht-club.com\\\/web\\\/#organization\"},\"potentialAction\":[{\"@type\":\"SearchAction\",\"target\":{\"@type\":\"EntryPoint\",\"urlTemplate\":\"https:\\\/\\\/caen-yacht-club.com\\\/web\\\/?s={search_term_string}\"},\"query-input\":{\"@type\":\"PropertyValueSpecification\",\"valueRequired\":true,\"valueName\":\"search_term_string\"}}],\"inLanguage\":\"fr-FR\"},{\"@type\":\"Organization\",\"@id\":\"https:\\\/\\\/caen-yacht-club.com\\\/web\\\/#organization\",\"name\":\"Caen Yacht Club\",\"url\":\"https:\\\/\\\/caen-yacht-club.com\\\/web\\\/\",\"logo\":{\"@type\":\"ImageObject\",\"inLanguage\":\"fr-FR\",\"@id\":\"https:\\\/\\\/caen-yacht-club.com\\\/web\\\/#\\\/schema\\\/logo\\\/image\\\/\",\"url\":\"https:\\\/\\\/i0.wp.com\\\/caen-yacht-club.com\\\/web\\\/wp-content\\\/uploads\\\/2020\\\/03\\\/Logo_CYC_20170104-e1585662025871.png?fit=500%2C472&ssl=1\",\"contentUrl\":\"https:\\\/\\\/i0.wp.com\\\/caen-yacht-club.com\\\/web\\\/wp-content\\\/uploads\\\/2020\\\/03\\\/Logo_CYC_20170104-e1585662025871.png?fit=500%2C472&ssl=1\",\"width\":500,\"height\":472,\"caption\":\"Caen Yacht Club\"},\"image\":{\"@id\":\"https:\\\/\\\/caen-yacht-club.com\\\/web\\\/#\\\/schema\\\/logo\\\/image\\\/\"}}]}<\/script>\n<!-- \/ Yoast SEO plugin. -->","yoast_head_json":{"title":"Caf\u00e9 maritime","description":"\u2028Le Caf\u00e9 maritime accueille un ou deux acteurs experts de la vie maritime r\u00e9gionale venant pr\u00e9senter un sujet et d\u00e9battre avec le public.","robots":{"index":"index","follow":"follow","max-snippet":"max-snippet:-1","max-image-preview":"max-image-preview:large","max-video-preview":"max-video-preview:-1"},"canonical":"https:\/\/caen-yacht-club.com\/web\/cafe_maritime\/","og_locale":"fr_FR","og_type":"article","og_title":"Caf\u00e9 maritime","og_description":"\u2028Le Caf\u00e9 maritime accueille un ou deux acteurs experts de la vie maritime r\u00e9gionale venant pr\u00e9senter un sujet et d\u00e9battre avec le public.","og_url":"https:\/\/caen-yacht-club.com\/web\/cafe_maritime\/","og_site_name":"Caen Yacht Club","article_modified_time":"2024-02-28T09:19:16+00:00","og_image":[{"width":500,"height":472,"url":"https:\/\/i0.wp.com\/caen-yacht-club.com\/web\/wp-content\/uploads\/2020\/03\/Logo_CYC_20170104-e1585662025871.png?fit=500%2C472&ssl=1","type":"image\/png"}],"twitter_card":"summary_large_image","twitter_misc":{"Dur\u00e9e de lecture estim\u00e9e":"3 minutes"},"schema":{"@context":"https:\/\/schema.org","@graph":[{"@type":"WebPage","@id":"https:\/\/caen-yacht-club.com\/web\/cafe_maritime\/","url":"https:\/\/caen-yacht-club.com\/web\/cafe_maritime\/","name":"Caf\u00e9 maritime","isPartOf":{"@id":"https:\/\/caen-yacht-club.com\/web\/#website"},"datePublished":"2016-03-07T18:15:45+00:00","dateModified":"2024-02-28T09:19:16+00:00","description":"\u2028Le Caf\u00e9 maritime accueille un ou deux acteurs experts de la vie maritime r\u00e9gionale venant pr\u00e9senter un sujet et d\u00e9battre avec le public.","breadcrumb":{"@id":"https:\/\/caen-yacht-club.com\/web\/cafe_maritime\/#breadcrumb"},"inLanguage":"fr-FR","potentialAction":[{"@type":"ReadAction","target":["https:\/\/caen-yacht-club.com\/web\/cafe_maritime\/"]}]},{"@type":"BreadcrumbList","@id":"https:\/\/caen-yacht-club.com\/web\/cafe_maritime\/#breadcrumb","itemListElement":[{"@type":"ListItem","position":1,"name":"Accueil","item":"https:\/\/caen-yacht-club.com\/web\/"},{"@type":"ListItem","position":2,"name":"CYC20_Caf\u00e9 maritime"}]},{"@type":"WebSite","@id":"https:\/\/caen-yacht-club.com\/web\/#website","url":"https:\/\/caen-yacht-club.com\/web\/","name":"Caen Yacht Club","description":"Naviguez en ville","publisher":{"@id":"https:\/\/caen-yacht-club.com\/web\/#organization"},"potentialAction":[{"@type":"SearchAction","target":{"@type":"EntryPoint","urlTemplate":"https:\/\/caen-yacht-club.com\/web\/?s={search_term_string}"},"query-input":{"@type":"PropertyValueSpecification","valueRequired":true,"valueName":"search_term_string"}}],"inLanguage":"fr-FR"},{"@type":"Organization","@id":"https:\/\/caen-yacht-club.com\/web\/#organization","name":"Caen Yacht Club","url":"https:\/\/caen-yacht-club.com\/web\/","logo":{"@type":"ImageObject","inLanguage":"fr-FR","@id":"https:\/\/caen-yacht-club.com\/web\/#\/schema\/logo\/image\/","url":"https:\/\/i0.wp.com\/caen-yacht-club.com\/web\/wp-content\/uploads\/2020\/03\/Logo_CYC_20170104-e1585662025871.png?fit=500%2C472&ssl=1","contentUrl":"https:\/\/i0.wp.com\/caen-yacht-club.com\/web\/wp-content\/uploads\/2020\/03\/Logo_CYC_20170104-e1585662025871.png?fit=500%2C472&ssl=1","width":500,"height":472,"caption":"Caen Yacht Club"},"image":{"@id":"https:\/\/caen-yacht-club.com\/web\/#\/schema\/logo\/image\/"}}]}},"jetpack_sharing_enabled":true,"jetpack_shortlink":"https:\/\/wp.me\/P7ppuD-s","jetpack-related-posts":[{"id":9143,"url":"https:\/\/caen-yacht-club.com\/web\/projet-du-caen-yacht-club\/","url_meta":{"origin":28,"position":0},"title":"CYC20_pr\u00e9sentation","author":"Emmanuel LECONTE","date":"8 avril 2020","format":false,"excerpt":"8e Rallye Croisi\u00e8re du Calvados organis\u00e9 par le Caen Yacht Club Actualit\u00e9, Croisi\u00e8re, Vie du club Calendrier pr\u00e9visionnel des r\u00e9gates 2020 Actualit\u00e9, Ecole J80, R\u00e9gate La gazette des r\u00e9gates n\u00b05 Actualit\u00e9, Ecole J80, R\u00e9gate, Vie du club La gazette des r\u00e9gates Actualit\u00e9 Covid 19 \u2013 Mot du Pr\u00e9sident du Caen\u2026","rel":"","context":"Article similaire","block_context":{"text":"Article similaire","link":""},"img":{"alt_text":"","src":"https:\/\/i0.wp.com\/caen-yacht-club.com\/web\/wp-content\/uploads\/14C7CCF7-9F49-44DE-AB90-A742B45DCDFB-660x420.jpeg?resize=350%2C200&ssl=1","width":350,"height":200,"srcset":"https:\/\/i0.wp.com\/caen-yacht-club.com\/web\/wp-content\/uploads\/14C7CCF7-9F49-44DE-AB90-A742B45DCDFB-660x420.jpeg?resize=350%2C200&ssl=1 1x, https:\/\/i0.wp.com\/caen-yacht-club.com\/web\/wp-content\/uploads\/14C7CCF7-9F49-44DE-AB90-A742B45DCDFB-660x420.jpeg?resize=525%2C300&ssl=1 1.5x"},"classes":[]},{"id":16,"url":"https:\/\/caen-yacht-club.com\/web\/ecole-de-voile\/","url_meta":{"origin":28,"position":1},"title":"CYC20_ecole de voile","author":"","date":"7 mars 2016","format":false,"excerpt":"NAVIGUEZ EN VILLE\u00a0! L\u2019\u00e9cole de voile du Caen Yacht Club dispose de 6 voiliers J80 pour naviguer sur les plans d\u2019eau caennais. Le J80, id\u00e9al pour d\u00e9buter comme pour performer est un quillard de sport de 8 m permettant la navigation jusqu\u2019\u00e0 5 personnes. Vous \u00eates int\u00e9ress\u00e9 pour naviguer r\u00e9guli\u00e8rement,\u2026","rel":"","context":"Article similaire","block_context":{"text":"Article similaire","link":""},"img":{"alt_text":"","src":"https:\/\/i0.wp.com\/caen-yacht-club.com\/web\/wp-content\/uploads\/4-bateaux.jpg?fit=1200%2C675&ssl=1&resize=350%2C200","width":350,"height":200,"srcset":"https:\/\/i0.wp.com\/caen-yacht-club.com\/web\/wp-content\/uploads\/4-bateaux.jpg?fit=1200%2C675&ssl=1&resize=350%2C200 1x, https:\/\/i0.wp.com\/caen-yacht-club.com\/web\/wp-content\/uploads\/4-bateaux.jpg?fit=1200%2C675&ssl=1&resize=525%2C300 1.5x, https:\/\/i0.wp.com\/caen-yacht-club.com\/web\/wp-content\/uploads\/4-bateaux.jpg?fit=1200%2C675&ssl=1&resize=700%2C400 2x, https:\/\/i0.wp.com\/caen-yacht-club.com\/web\/wp-content\/uploads\/4-bateaux.jpg?fit=1200%2C675&ssl=1&resize=1050%2C600 3x"},"classes":[]},{"id":164,"url":"https:\/\/caen-yacht-club.com\/web\/competition\/","url_meta":{"origin":28,"position":2},"title":"CYC20_R\u00e9gate Comp\u00e9tition","author":"","date":"24 mars 2016","format":false,"excerpt":"Le Caen Yacht Club est labellis\u00e9 Ecole de Comp\u00e9tition par la F\u00e9d\u00e9ration Fran\u00e7aise de voile Vous disposez d\u00e9j\u00e0 d'une exp\u00e9rience et vous souhaitez passer au niveau sup\u00e9rieur en participant \u00e0 des r\u00e9gates. Nous vous proposons de vous entra\u00eener lors de cr\u00e9neaux sp\u00e9cifiques, afin de ma\u00eetriser les diff\u00e9rents postes et man\u0153uvres.\u2026","rel":"","context":"Article similaire","block_context":{"text":"Article similaire","link":""},"img":{"alt_text":"","src":"","width":0,"height":0},"classes":[]},{"id":3267,"url":"https:\/\/caen-yacht-club.com\/web\/__trashed\/","url_meta":{"origin":28,"position":3},"title":"Mentions l\u00e9gales","author":"","date":"19 octobre 2022","format":false,"excerpt":"PR\u00c9SENTATION DU SITE En vertu de l\u2019article 6 de la loi n\u00b0 2004-575 du 21 juin 2004 pour la confiance dans l\u2019\u00e9conomie num\u00e9rique, il est pr\u00e9cis\u00e9 aux utilisateurs du site\u00a0https:\/\/caen-yacht-club.com\/web\/ l\u2019identit\u00e9 des diff\u00e9rents intervenants dans le cadre de sa r\u00e9alisation et de son suivi :Propri\u00e9taire : Association Caen Yacht Club\u2026","rel":"","context":"Article similaire","block_context":{"text":"Article similaire","link":""},"img":{"alt_text":"","src":"","width":0,"height":0},"classes":[]},{"id":10570,"url":"https:\/\/caen-yacht-club.com\/web\/cyc20_scolaires-etudiants\/","url_meta":{"origin":28,"position":4},"title":"CYC20_Scolaires-Etudiants","author":"Emmanuel LECONTE","date":"12 octobre 2020","format":false,"excerpt":"Vous repr\u00e9sentez un coll\u00e8ge, un lyc\u00e9e, une association \u00e9tudiante et\u00a0souhaitez \u00a0apprendre, vous perfectionner ou vous pr\u00e9parer \u00e0 une course \u00e0 la voile sur un voilier habitable sportif. Nous vous proposons de naviguer une \u00e0 plusieurs fois par semaines afin d\u2019appr\u00e9hender les diff\u00e9rents postes, de fa\u00e7on autonome ou encadr\u00e9s par un\u2026","rel":"","context":"Article similaire","block_context":{"text":"Article similaire","link":""},"img":{"alt_text":"","src":"https:\/\/i0.wp.com\/vjxk6z2tznz.c.updraftclone.com\/web\/wp-content\/uploads\/2017\/05\/EFVoile-150x150.png?resize=350%2C200&ssl=1","width":350,"height":200},"classes":[]},{"id":33,"url":"https:\/\/caen-yacht-club.com\/web\/rallyes\/","url_meta":{"origin":28,"position":5},"title":"CYC20_Rallyes","author":"","date":"7 mars 2016","format":false,"excerpt":"Venez nous rejoindre et passer un moment convivial, en mer et \u00e0 terre \u00e0 l\u2019occasion duRallye Croisi\u00e8re du Calvados (RCC)organis\u00e9 tous les ans par le Caen Yacht Club\u00a0! L\u2019objectif du rallye est de faire d\u00e9couvrir aux \u00e9quipages de tous types de bateaux, de tous clubs, les atouts nautiques et culturels\u2026","rel":"","context":"Article similaire","block_context":{"text":"Article similaire","link":""},"img":{"alt_text":"","src":"https:\/\/i0.wp.com\/caen-yacht-club.com\/web\/wp-content\/uploads\/Affiche-Rallye-Croisiere_compressed_page-0001-scaled-e1696492062985.jpg?fit=832%2C1200&ssl=1&resize=350%2C200","width":350,"height":200,"srcset":"https:\/\/i0.wp.com\/caen-yacht-club.com\/web\/wp-content\/uploads\/Affiche-Rallye-Croisiere_compressed_page-0001-scaled-e1696492062985.jpg?fit=832%2C1200&ssl=1&resize=350%2C200 1x, https:\/\/i0.wp.com\/caen-yacht-club.com\/web\/wp-content\/uploads\/Affiche-Rallye-Croisiere_compressed_page-0001-scaled-e1696492062985.jpg?fit=832%2C1200&ssl=1&resize=525%2C300 1.5x, https:\/\/i0.wp.com\/caen-yacht-club.com\/web\/wp-content\/uploads\/Affiche-Rallye-Croisiere_compressed_page-0001-scaled-e1696492062985.jpg?fit=832%2C1200&ssl=1&resize=700%2C400 2x"},"classes":[]}],"_links":{"self":[{"href":"https:\/\/caen-yacht-club.com\/web\/wp-json\/wp\/v2\/pages\/28","targetHints":{"allow":["GET"]}}],"collection":[{"href":"https:\/\/caen-yacht-club.com\/web\/wp-json\/wp\/v2\/pages"}],"about":[{"href":"https:\/\/caen-yacht-club.com\/web\/wp-json\/wp\/v2\/types\/page"}],"author":[{"embeddable":true,"href":"https:\/\/caen-yacht-club.com\/web\/wp-json\/wp\/v2\/users\/424"}],"replies":[{"embeddable":true,"href":"https:\/\/caen-yacht-club.com\/web\/wp-json\/wp\/v2\/comments?post=28"}],"version-history":[{"count":9,"href":"https:\/\/caen-yacht-club.com\/web\/wp-json\/wp\/v2\/pages\/28\/revisions"}],"predecessor-version":[{"id":13477,"href":"https:\/\/caen-yacht-club.com\/web\/wp-json\/wp\/v2\/pages\/28\/revisions\/13477"}],"wp:attachment":[{"href":"https:\/\/caen-yacht-club.com\/web\/wp-json\/wp\/v2\/media?parent=28"}],"curies":[{"name":"wp","href":"https:\/\/api.w.org\/{rel}","templated":true}]}}