{"id":37,"date":"2016-03-07T19:17:43","date_gmt":"2016-03-07T18:17:43","guid":{"rendered":"http:\/\/caen-yacht-club.com\/web\/?page_id=37"},"modified":"2022-11-24T16:55:56","modified_gmt":"2022-11-24T15:55:56","slug":"ateliers","status":"publish","type":"page","link":"https:\/\/caen-yacht-club.com\/web\/ateliers\/","title":{"rendered":"CYC20_Cours th\u00e9oriques"},"content":{"rendered":"<p>Le Caen Yacht Club propose tout au long de l&#8217;ann\u00e9e diff\u00e9rents types de formations th\u00e9oriques, gratuites (sauf PSC1), ouvertes aux membres du Caen Yacht Club, utiles pour tout bon marin.<\/p>\n<h2>M\u00e9t\u00e9o<\/h2>\n<p>Tous les documents sont disponibles <a href=\"https:\/\/drive.google.com\/drive\/folders\/1z_fsAtifG8OM_WDm-4KfX3AzPIo96iar?usp=sharing\">sur le drive, ici.<\/a><\/p>\n<h2>Navigation \u00e9lectronique<\/h2>\n<ul>\n<li style=\"padding-left: 60px;\">Installation d&#8217;Open CPN, des cartes gratuites en service<\/li>\n<li style=\"padding-left: 60px;\">Utilisation courante : trac\u00e9 de routes, way-points, AIS, m\u00e9t\u00e9o, &#8230;<\/li>\n<li style=\"padding-left: 60px;\">Trucs et astuces de maniement, de s\u00e9curit\u00e9 &#8230;<\/li>\n<\/ul>\n<h2>Navigation Astronomique<\/h2>\n<ul>\n<li style=\"padding-left: 60px;\">Th\u00e9orie<\/li>\n<li style=\"padding-left: 60px;\">Utilisation des \u00e9ph\u00e9m\u00e9rides<\/li>\n<li style=\"padding-left: 60px;\">Vis\u00e9e sextant<\/li>\n<\/ul>\n<h2>Navigation de nuit<\/h2>\n<ul>\n<li style=\"padding-left: 60px;\">Pr\u00e9paration<\/li>\n<li style=\"padding-left: 60px;\">Feux et rep\u00e8res<\/li>\n<li style=\"padding-left: 60px;\">\u00c9quipements<\/li>\n<\/ul>\n<h2>\u00c9tude de Carte<\/h2>\n<ul>\n<li style=\"padding-left: 60px;\">Connaissances des symboles<\/li>\n<li style=\"padding-left: 60px;\">Application au pilotage<\/li>\n<\/ul>\n<h2>S\u00e9curit\u00e9<\/h2>\n<h2 style=\"padding-left: 120px;\"><\/h2>\n<ul>\n<li style=\"padding-left: 60px;\">Application \u00e0 bord de la r\u00e9glementation<\/li>\n<li style=\"padding-left: 60px;\">\u00c9tude de diff\u00e9rentes situations et conduite \u00e0 tenir<\/li>\n<\/ul>\n<h2>Cours Th\u00e9oriques Voile<\/h2>\n<ul>\n<li style=\"padding-left: 60px;\">Connaissance des r\u00e8gles de course en Match Racing et Course en Flotte<\/li>\n<li style=\"padding-left: 60px;\">R\u00e9glages des voiles<\/li>\n<\/ul>\n<h2>Formation aux premiers secours: PSC1<\/h2>\n<ul>\n<li style=\"padding-left: 60px;\">Formation pour les premiers premiers secours<\/li>\n<\/ul>\n<h2>Matelotage<\/h2>\n<ul>\n<li style=\"padding-left: 60px;\">n\u0153uds indispensables au navigateur (au port, en mer)<\/li>\n<li style=\"padding-left: 60px;\">n\u0153uds de la marine traditionnelle et n\u0153uds d\u00e9coratifs<\/li>\n<li style=\"padding-left: 60px;\">interventions b\u00e9n\u00e9voles de professionnels (shipchandlers) pour les textiles modernes<\/li>\n<li style=\"padding-left: 60px;\">interventions ext\u00e9rieures \u00e0 la demande d\u2019autres associations (ex : le festival La Mar\u00e9e des \u2028Mots&#8230;)<\/li>\n<\/ul>\n<h2><\/h2>\n<h2 style=\"padding-left: 120px;\"><\/h2>\n","protected":false},"excerpt":{"rendered":"<p>Le Caen Yacht Club propose tout au long de l&#8217;ann\u00e9e diff\u00e9rents types de formations th\u00e9oriques, gratuites (sauf PSC1), ouvertes aux membres du Caen Yacht Club, utiles&#8230;<\/p>\n","protected":false},"author":424,"featured_media":0,"parent":0,"menu_order":0,"comment_status":"closed","ping_status":"closed","template":"","meta":{"_exactmetrics_skip_tracking":false,"_exactmetrics_sitenote_active":false,"_exactmetrics_sitenote_note":"","_exactmetrics_sitenote_category":0,"jetpack_post_was_ever_published":false,"footnotes":""},"class_list":["post-37","page","type-page","status-publish","hentry"],"yoast_head":"<!-- This site is optimized with the Yoast SEO plugin v27.4 - https:\/\/yoast.com\/product\/yoast-seo-wordpress\/ -->\n<title>Caen Yacht Club<\/title>\n<meta name=\"robots\" content=\"index, follow, max-snippet:-1, max-image-preview:large, max-video-preview:-1\" \/>\n<link rel=\"canonical\" href=\"https:\/\/caen-yacht-club.com\/web\/ateliers\/\" \/>\n<meta property=\"og:locale\" content=\"fr_FR\" \/>\n<meta property=\"og:type\" content=\"article\" \/>\n<meta property=\"og:title\" content=\"Caen Yacht Club\" \/>\n<meta property=\"og:description\" content=\"Le Caen Yacht Club propose tout au long de l&#8217;ann\u00e9e diff\u00e9rents types de formations th\u00e9oriques, gratuites (sauf PSC1), ouvertes aux membres du Caen Yacht Club, utiles...\" \/>\n<meta property=\"og:url\" content=\"https:\/\/caen-yacht-club.com\/web\/ateliers\/\" \/>\n<meta property=\"og:site_name\" content=\"Caen Yacht Club\" \/>\n<meta property=\"article:modified_time\" content=\"2022-11-24T15:55:56+00:00\" \/>\n<meta property=\"og:image\" content=\"https:\/\/i0.wp.com\/caen-yacht-club.com\/web\/wp-content\/uploads\/2020\/03\/Logo_CYC_20170104-e1585662025871.png?fit=500%2C472&ssl=1\" \/>\n\t<meta property=\"og:image:width\" content=\"500\" \/>\n\t<meta property=\"og:image:height\" content=\"472\" \/>\n\t<meta property=\"og:image:type\" content=\"image\/png\" \/>\n<meta name=\"twitter:card\" content=\"summary_large_image\" \/>\n<meta name=\"twitter:label1\" content=\"Dur\u00e9e de lecture estim\u00e9e\" \/>\n\t<meta name=\"twitter:data1\" content=\"1 minute\" \/>\n<script type=\"application\/ld+json\" class=\"yoast-schema-graph\">{\"@context\":\"https:\\\/\\\/schema.org\",\"@graph\":[{\"@type\":\"WebPage\",\"@id\":\"https:\\\/\\\/caen-yacht-club.com\\\/web\\\/ateliers\\\/\",\"url\":\"https:\\\/\\\/caen-yacht-club.com\\\/web\\\/ateliers\\\/\",\"name\":\"Caen Yacht Club\",\"isPartOf\":{\"@id\":\"https:\\\/\\\/caen-yacht-club.com\\\/web\\\/#website\"},\"datePublished\":\"2016-03-07T18:17:43+00:00\",\"dateModified\":\"2022-11-24T15:55:56+00:00\",\"breadcrumb\":{\"@id\":\"https:\\\/\\\/caen-yacht-club.com\\\/web\\\/ateliers\\\/#breadcrumb\"},\"inLanguage\":\"fr-FR\",\"potentialAction\":[{\"@type\":\"ReadAction\",\"target\":[\"https:\\\/\\\/caen-yacht-club.com\\\/web\\\/ateliers\\\/\"]}]},{\"@type\":\"BreadcrumbList\",\"@id\":\"https:\\\/\\\/caen-yacht-club.com\\\/web\\\/ateliers\\\/#breadcrumb\",\"itemListElement\":[{\"@type\":\"ListItem\",\"position\":1,\"name\":\"Accueil\",\"item\":\"https:\\\/\\\/caen-yacht-club.com\\\/web\\\/\"},{\"@type\":\"ListItem\",\"position\":2,\"name\":\"CYC20_Cours th\u00e9oriques\"}]},{\"@type\":\"WebSite\",\"@id\":\"https:\\\/\\\/caen-yacht-club.com\\\/web\\\/#website\",\"url\":\"https:\\\/\\\/caen-yacht-club.com\\\/web\\\/\",\"name\":\"Caen Yacht Club\",\"description\":\"Naviguez en ville\",\"publisher\":{\"@id\":\"https:\\\/\\\/caen-yacht-club.com\\\/web\\\/#organization\"},\"potentialAction\":[{\"@type\":\"SearchAction\",\"target\":{\"@type\":\"EntryPoint\",\"urlTemplate\":\"https:\\\/\\\/caen-yacht-club.com\\\/web\\\/?s={search_term_string}\"},\"query-input\":{\"@type\":\"PropertyValueSpecification\",\"valueRequired\":true,\"valueName\":\"search_term_string\"}}],\"inLanguage\":\"fr-FR\"},{\"@type\":\"Organization\",\"@id\":\"https:\\\/\\\/caen-yacht-club.com\\\/web\\\/#organization\",\"name\":\"Caen Yacht Club\",\"url\":\"https:\\\/\\\/caen-yacht-club.com\\\/web\\\/\",\"logo\":{\"@type\":\"ImageObject\",\"inLanguage\":\"fr-FR\",\"@id\":\"https:\\\/\\\/caen-yacht-club.com\\\/web\\\/#\\\/schema\\\/logo\\\/image\\\/\",\"url\":\"https:\\\/\\\/i0.wp.com\\\/caen-yacht-club.com\\\/web\\\/wp-content\\\/uploads\\\/2020\\\/03\\\/Logo_CYC_20170104-e1585662025871.png?fit=500%2C472&ssl=1\",\"contentUrl\":\"https:\\\/\\\/i0.wp.com\\\/caen-yacht-club.com\\\/web\\\/wp-content\\\/uploads\\\/2020\\\/03\\\/Logo_CYC_20170104-e1585662025871.png?fit=500%2C472&ssl=1\",\"width\":500,\"height\":472,\"caption\":\"Caen Yacht Club\"},\"image\":{\"@id\":\"https:\\\/\\\/caen-yacht-club.com\\\/web\\\/#\\\/schema\\\/logo\\\/image\\\/\"}}]}<\/script>\n<!-- \/ Yoast SEO plugin. -->","yoast_head_json":{"title":"Caen Yacht Club","robots":{"index":"index","follow":"follow","max-snippet":"max-snippet:-1","max-image-preview":"max-image-preview:large","max-video-preview":"max-video-preview:-1"},"canonical":"https:\/\/caen-yacht-club.com\/web\/ateliers\/","og_locale":"fr_FR","og_type":"article","og_title":"Caen Yacht Club","og_description":"Le Caen Yacht Club propose tout au long de l&#8217;ann\u00e9e diff\u00e9rents types de formations th\u00e9oriques, gratuites (sauf PSC1), ouvertes aux membres du Caen Yacht Club, utiles...","og_url":"https:\/\/caen-yacht-club.com\/web\/ateliers\/","og_site_name":"Caen Yacht Club","article_modified_time":"2022-11-24T15:55:56+00:00","og_image":[{"width":500,"height":472,"url":"https:\/\/i0.wp.com\/caen-yacht-club.com\/web\/wp-content\/uploads\/2020\/03\/Logo_CYC_20170104-e1585662025871.png?fit=500%2C472&ssl=1","type":"image\/png"}],"twitter_card":"summary_large_image","twitter_misc":{"Dur\u00e9e de lecture estim\u00e9e":"1 minute"},"schema":{"@context":"https:\/\/schema.org","@graph":[{"@type":"WebPage","@id":"https:\/\/caen-yacht-club.com\/web\/ateliers\/","url":"https:\/\/caen-yacht-club.com\/web\/ateliers\/","name":"Caen Yacht Club","isPartOf":{"@id":"https:\/\/caen-yacht-club.com\/web\/#website"},"datePublished":"2016-03-07T18:17:43+00:00","dateModified":"2022-11-24T15:55:56+00:00","breadcrumb":{"@id":"https:\/\/caen-yacht-club.com\/web\/ateliers\/#breadcrumb"},"inLanguage":"fr-FR","potentialAction":[{"@type":"ReadAction","target":["https:\/\/caen-yacht-club.com\/web\/ateliers\/"]}]},{"@type":"BreadcrumbList","@id":"https:\/\/caen-yacht-club.com\/web\/ateliers\/#breadcrumb","itemListElement":[{"@type":"ListItem","position":1,"name":"Accueil","item":"https:\/\/caen-yacht-club.com\/web\/"},{"@type":"ListItem","position":2,"name":"CYC20_Cours th\u00e9oriques"}]},{"@type":"WebSite","@id":"https:\/\/caen-yacht-club.com\/web\/#website","url":"https:\/\/caen-yacht-club.com\/web\/","name":"Caen Yacht Club","description":"Naviguez en ville","publisher":{"@id":"https:\/\/caen-yacht-club.com\/web\/#organization"},"potentialAction":[{"@type":"SearchAction","target":{"@type":"EntryPoint","urlTemplate":"https:\/\/caen-yacht-club.com\/web\/?s={search_term_string}"},"query-input":{"@type":"PropertyValueSpecification","valueRequired":true,"valueName":"search_term_string"}}],"inLanguage":"fr-FR"},{"@type":"Organization","@id":"https:\/\/caen-yacht-club.com\/web\/#organization","name":"Caen Yacht Club","url":"https:\/\/caen-yacht-club.com\/web\/","logo":{"@type":"ImageObject","inLanguage":"fr-FR","@id":"https:\/\/caen-yacht-club.com\/web\/#\/schema\/logo\/image\/","url":"https:\/\/i0.wp.com\/caen-yacht-club.com\/web\/wp-content\/uploads\/2020\/03\/Logo_CYC_20170104-e1585662025871.png?fit=500%2C472&ssl=1","contentUrl":"https:\/\/i0.wp.com\/caen-yacht-club.com\/web\/wp-content\/uploads\/2020\/03\/Logo_CYC_20170104-e1585662025871.png?fit=500%2C472&ssl=1","width":500,"height":472,"caption":"Caen Yacht Club"},"image":{"@id":"https:\/\/caen-yacht-club.com\/web\/#\/schema\/logo\/image\/"}}]}},"jetpack_sharing_enabled":true,"jetpack_shortlink":"https:\/\/wp.me\/P7ppuD-B","jetpack-related-posts":[{"id":9143,"url":"https:\/\/caen-yacht-club.com\/web\/projet-du-caen-yacht-club\/","url_meta":{"origin":37,"position":0},"title":"CYC20_pr\u00e9sentation","author":"Emmanuel LECONTE","date":"8 avril 2020","format":false,"excerpt":"8e Rallye Croisi\u00e8re du Calvados organis\u00e9 par le Caen Yacht Club Actualit\u00e9, Croisi\u00e8re, Vie du club Calendrier pr\u00e9visionnel des r\u00e9gates 2020 Actualit\u00e9, Ecole J80, R\u00e9gate La gazette des r\u00e9gates n\u00b05 Actualit\u00e9, Ecole J80, R\u00e9gate, Vie du club La gazette des r\u00e9gates Actualit\u00e9 Covid 19 \u2013 Mot du Pr\u00e9sident du Caen\u2026","rel":"","context":"Article similaire","block_context":{"text":"Article similaire","link":""},"img":{"alt_text":"","src":"https:\/\/i0.wp.com\/caen-yacht-club.com\/web\/wp-content\/uploads\/14C7CCF7-9F49-44DE-AB90-A742B45DCDFB-660x420.jpeg?resize=350%2C200&ssl=1","width":350,"height":200,"srcset":"https:\/\/i0.wp.com\/caen-yacht-club.com\/web\/wp-content\/uploads\/14C7CCF7-9F49-44DE-AB90-A742B45DCDFB-660x420.jpeg?resize=350%2C200&ssl=1 1x, https:\/\/i0.wp.com\/caen-yacht-club.com\/web\/wp-content\/uploads\/14C7CCF7-9F49-44DE-AB90-A742B45DCDFB-660x420.jpeg?resize=525%2C300&ssl=1 1.5x"},"classes":[]},{"id":3267,"url":"https:\/\/caen-yacht-club.com\/web\/__trashed\/","url_meta":{"origin":37,"position":1},"title":"Mentions l\u00e9gales","author":"","date":"19 octobre 2022","format":false,"excerpt":"PR\u00c9SENTATION DU SITE En vertu de l\u2019article 6 de la loi n\u00b0 2004-575 du 21 juin 2004 pour la confiance dans l\u2019\u00e9conomie num\u00e9rique, il est pr\u00e9cis\u00e9 aux utilisateurs du site\u00a0https:\/\/caen-yacht-club.com\/web\/ l\u2019identit\u00e9 des diff\u00e9rents intervenants dans le cadre de sa r\u00e9alisation et de son suivi :Propri\u00e9taire : Association Caen Yacht Club\u2026","rel":"","context":"Article similaire","block_context":{"text":"Article similaire","link":""},"img":{"alt_text":"","src":"","width":0,"height":0},"classes":[]},{"id":16,"url":"https:\/\/caen-yacht-club.com\/web\/ecole-de-voile\/","url_meta":{"origin":37,"position":2},"title":"CYC20_ecole de voile","author":"","date":"7 mars 2016","format":false,"excerpt":"NAVIGUEZ EN VILLE\u00a0! L\u2019\u00e9cole de voile du Caen Yacht Club dispose de 6 voiliers J80 pour naviguer sur les plans d\u2019eau caennais. Le J80, id\u00e9al pour d\u00e9buter comme pour performer est un quillard de sport de 8 m permettant la navigation jusqu\u2019\u00e0 5 personnes. Vous \u00eates int\u00e9ress\u00e9 pour naviguer r\u00e9guli\u00e8rement,\u2026","rel":"","context":"Article similaire","block_context":{"text":"Article similaire","link":""},"img":{"alt_text":"","src":"https:\/\/i0.wp.com\/caen-yacht-club.com\/web\/wp-content\/uploads\/4-bateaux.jpg?fit=1200%2C675&ssl=1&resize=350%2C200","width":350,"height":200,"srcset":"https:\/\/i0.wp.com\/caen-yacht-club.com\/web\/wp-content\/uploads\/4-bateaux.jpg?fit=1200%2C675&ssl=1&resize=350%2C200 1x, https:\/\/i0.wp.com\/caen-yacht-club.com\/web\/wp-content\/uploads\/4-bateaux.jpg?fit=1200%2C675&ssl=1&resize=525%2C300 1.5x, https:\/\/i0.wp.com\/caen-yacht-club.com\/web\/wp-content\/uploads\/4-bateaux.jpg?fit=1200%2C675&ssl=1&resize=700%2C400 2x, https:\/\/i0.wp.com\/caen-yacht-club.com\/web\/wp-content\/uploads\/4-bateaux.jpg?fit=1200%2C675&ssl=1&resize=1050%2C600 3x"},"classes":[]},{"id":10567,"url":"https:\/\/caen-yacht-club.com\/web\/sortie_autonome\/","url_meta":{"origin":37,"position":3},"title":"CYC20- Sortie Autonome","author":"Emmanuel LECONTE","date":"12 octobre 2020","format":false,"excerpt":"L\u2019utilisation des J80 en autonomie (sans l\u2019encadrement du responsable technique) est soumise \u00e0 des conditions strictes. Elle implique \u00e9galement de se soumettre \u00e0 des r\u00e8gles pr\u00e9cises pour permettre une bonne gestion du parc. Il est donc imp\u00e9ratif de consulter les documents ci-dessous. Avant toute chose, consultez la proc\u00e9dure\u00a0 et les\u2026","rel":"","context":"Article similaire","block_context":{"text":"Article similaire","link":""},"img":{"alt_text":"","src":"","width":0,"height":0},"classes":[]},{"id":164,"url":"https:\/\/caen-yacht-club.com\/web\/competition\/","url_meta":{"origin":37,"position":4},"title":"CYC20_R\u00e9gate Comp\u00e9tition","author":"","date":"24 mars 2016","format":false,"excerpt":"Le Caen Yacht Club est labellis\u00e9 Ecole de Comp\u00e9tition par la F\u00e9d\u00e9ration Fran\u00e7aise de voile Vous disposez d\u00e9j\u00e0 d'une exp\u00e9rience et vous souhaitez passer au niveau sup\u00e9rieur en participant \u00e0 des r\u00e9gates. Nous vous proposons de vous entra\u00eener lors de cr\u00e9neaux sp\u00e9cifiques, afin de ma\u00eetriser les diff\u00e9rents postes et man\u0153uvres.\u2026","rel":"","context":"Article similaire","block_context":{"text":"Article similaire","link":""},"img":{"alt_text":"","src":"","width":0,"height":0},"classes":[]},{"id":10570,"url":"https:\/\/caen-yacht-club.com\/web\/cyc20_scolaires-etudiants\/","url_meta":{"origin":37,"position":5},"title":"CYC20_Scolaires-Etudiants","author":"Emmanuel LECONTE","date":"12 octobre 2020","format":false,"excerpt":"Vous repr\u00e9sentez un coll\u00e8ge, un lyc\u00e9e, une association \u00e9tudiante et\u00a0souhaitez \u00a0apprendre, vous perfectionner ou vous pr\u00e9parer \u00e0 une course \u00e0 la voile sur un voilier habitable sportif. Nous vous proposons de naviguer une \u00e0 plusieurs fois par semaines afin d\u2019appr\u00e9hender les diff\u00e9rents postes, de fa\u00e7on autonome ou encadr\u00e9s par un\u2026","rel":"","context":"Article similaire","block_context":{"text":"Article similaire","link":""},"img":{"alt_text":"","src":"https:\/\/i0.wp.com\/vjxk6z2tznz.c.updraftclone.com\/web\/wp-content\/uploads\/2017\/05\/EFVoile-150x150.png?resize=350%2C200&ssl=1","width":350,"height":200},"classes":[]}],"_links":{"self":[{"href":"https:\/\/caen-yacht-club.com\/web\/wp-json\/wp\/v2\/pages\/37","targetHints":{"allow":["GET"]}}],"collection":[{"href":"https:\/\/caen-yacht-club.com\/web\/wp-json\/wp\/v2\/pages"}],"about":[{"href":"https:\/\/caen-yacht-club.com\/web\/wp-json\/wp\/v2\/types\/page"}],"author":[{"embeddable":true,"href":"https:\/\/caen-yacht-club.com\/web\/wp-json\/wp\/v2\/users\/424"}],"replies":[{"embeddable":true,"href":"https:\/\/caen-yacht-club.com\/web\/wp-json\/wp\/v2\/comments?post=37"}],"version-history":[{"count":1,"href":"https:\/\/caen-yacht-club.com\/web\/wp-json\/wp\/v2\/pages\/37\/revisions"}],"predecessor-version":[{"id":12263,"href":"https:\/\/caen-yacht-club.com\/web\/wp-json\/wp\/v2\/pages\/37\/revisions\/12263"}],"wp:attachment":[{"href":"https:\/\/caen-yacht-club.com\/web\/wp-json\/wp\/v2\/media?parent=37"}],"curies":[{"name":"wp","href":"https:\/\/api.w.org\/{rel}","templated":true}]}}