{"id":9155,"date":"2020-04-08T13:30:31","date_gmt":"2020-04-08T12:30:31","guid":{"rendered":"https:\/\/vjxk6z2tznz.c.updraftclone.com\/web\/?page_id=9155"},"modified":"2022-12-27T12:06:02","modified_gmt":"2022-12-27T11:06:02","slug":"contact","status":"publish","type":"page","link":"https:\/\/caen-yacht-club.com\/web\/contact\/","title":{"rendered":"CYC20_contact"},"content":{"rendered":"\n<section class=\"sh-section sh-section-65f9d44ef16597719d41312b4e9a48c5 fw-main-row sh-section-visibility-everywhere\">\n\t\n\t\n\t<div class=\"sh-section-container container\">\n\t\t<div class=\"fw-row\">\n\t\n<div class=\"sh-column sh-column-4a44cb0535cf84bac8bb746b9968076c fw-col-xs-12\" >\n\n\t\n\t<div class=\"sh-column-wrapper\">\n\t\t\n<div class=\"sh-heading  \" id=\"heading-470c77b9270e56d1c0bf0829566ecbe7\">\n\t<div class=\"sh-element-margin\">\n\n\t\t\n\t\t\t<h2 class=\"sh-heading-content size-default text-left\">\n\t\t\t\tContact\t\t\t<\/h2>\n\n\t\t\n\t<\/div>\n<\/div>\n\t<\/div>\n\n\n\t\t\n\n<\/div>\n<\/div>\n\n<div class=\"fw-row\">\n\t\n<div class=\"sh-column sh-column-4a44cb0535cf84bac8bb746b9968076c fw-col-xs-12\" >\n\n\t\n\t<div class=\"sh-column-wrapper\">\n\t\t\n<div id=\"text-block-68bf01be244f9bb2726beb81a6ccb91a\" class=\"sh-text-block\">\n\t<p>Vous souhaitez envoyer un message au Caen Yacht Club, utilisez le formulaire ci-dessous. Nous vous apporterons une r\u00e9ponse d\u00e8s que possible.<\/p><\/div>\n\t<\/div>\n\n\n\t\t\n\n<\/div>\n<\/div>\n\n<div class=\"fw-row\">\n\t\n<div class=\"sh-column sh-column-4a44cb0535cf84bac8bb746b9968076c fw-col-xs-12\" >\n\n\t\n\t<div class=\"sh-column-wrapper\">\n\t\t\n<div id=\"text-block-761afc0a792d519c9c77dd99b764e707\" class=\"sh-text-block\">\n\t<p>\n            <form class=\"wpuf-form-add wpuf-form-layout1 wpuf-theme-style\" action=\"\" method=\"post\">\n\n                \n                <script type=\"text\/javascript\">\n                    if ( typeof wpuf_conditional_items === 'undefined' ) {\n                        wpuf_conditional_items = [];\n                    }\n\n                    if ( typeof wpuf_plupload_items === 'undefined' ) {\n                        wpuf_plupload_items = [];\n                    }\n\n                    if ( typeof wpuf_map_items === 'undefined' ) {\n                        wpuf_map_items = [];\n                    }\n                <\/script>\n\n                <ul class=\"wpuf-form form-label-left\">\n\n                    \n            <li class=\"wpuf-el nom_contact field-size-small\" data-label=\"Nom\">\n\n                    <div class=\"wpuf-label\">\n            <label for=\"nom_contact_10040\">\n                Nom <span class=\"required\">*<\/span>            <\/label>\n        <\/div>\n        \n            <div class=\"wpuf-fields\">\n                <input\n                    class=\"textfield wpuf_nom_contact_10040\"\n                    id=\"nom_contact_10040\"\n                    type=\"text\"\n                    data-required=\"yes\"\n                    data-type=\"text\" name=\"nom_contact\"\n                    placeholder=\"\"\n                    value=\"\"\n                    size=\"40\"\n                \/>\n\n                <span class=\"wpuf-wordlimit-message wpuf-help\"><\/span>\n                            <\/div>\n\n            \n        <\/li>\n\n                <\/li>\n            \n            <li class=\"wpuf-el prenom_contact field-size-small\" data-label=\"Pr\u00e9nom\">\n\n                    <div class=\"wpuf-label\">\n            <label for=\"prenom_contact_10040\">\n                Pr\u00e9nom            <\/label>\n        <\/div>\n        \n            <div class=\"wpuf-fields\">\n                <input\n                    class=\"textfield wpuf_prenom_contact_10040\"\n                    id=\"prenom_contact_10040\"\n                    type=\"text\"\n                    data-required=\"no\"\n                    data-type=\"text\" name=\"prenom_contact\"\n                    placeholder=\"\"\n                    value=\"\"\n                    size=\"40\"\n                \/>\n\n                <span class=\"wpuf-wordlimit-message wpuf-help\"><\/span>\n                            <\/div>\n\n            \n        <\/li>\n\n                <\/li>\n            \n            <li class=\"wpuf-el telephone_contact field-size-small\" data-label=\"T\u00e9l\u00e9phone\">\n\n                    <div class=\"wpuf-label\">\n            <label for=\"telephone_contact_10040\">\n                T\u00e9l\u00e9phone            <\/label>\n        <\/div>\n        \n            <div class=\"wpuf-fields\">\n                <input\n                    class=\"textfield wpuf_telephone_contact_10040\"\n                    id=\"telephone_contact_10040\"\n                    type=\"text\"\n                    data-required=\"no\"\n                    data-type=\"text\" name=\"telephone_contact\"\n                    placeholder=\"\"\n                    value=\"\"\n                    size=\"40\"\n                \/>\n\n                <span class=\"wpuf-wordlimit-message wpuf-help\"><\/span>\n                            <\/div>\n\n            \n        <\/li>\n\n                <\/li>\n            \n            <li class=\"wpuf-el email_contact field-size-medium\" data-label=\"Email\">\n\n                    <div class=\"wpuf-label\">\n            <label for=\"email_contact_10040\">\n                Email <span class=\"required\">*<\/span>            <\/label>\n        <\/div>\n        \n            <div class=\"wpuf-fields\">\n                <input\n                    class=\"textfield wpuf_email_contact_10040\"\n                    id=\"email_contact_10040\"\n                    type=\"text\"\n                    data-required=\"yes\"\n                    data-type=\"text\" name=\"email_contact\"\n                    placeholder=\"\"\n                    value=\"\"\n                    size=\"40\"\n                \/>\n\n                <span class=\"wpuf-wordlimit-message wpuf-help\"><\/span>\n                            <\/div>\n\n            \n        <\/li>\n\n                <\/li>\n                    <li class=\"wpuf-el post_content field-size-medium\" data-label=\"Votre message\">\n                    <div class=\"wpuf-label\">\n            <label for=\"post_content_10040\">\n                Votre message <span class=\"required\">*<\/span>            <\/label>\n        <\/div>\n        \n                            <div class=\"wpuf-fields\">\n            \n                            <textarea\n                class=\"textareafield  wpuf_post_content_10040\"\n                id=\"post_content_10040\"\n                name=\"post_content\"\n                data-required=\"yes\"\n                data-type=\"textarea\"\n                placeholder=\"\"\n                rows=\"5\"\n                cols=\"25\"\n            ><\/textarea>\n            <span class=\"wpuf-wordlimit-message wpuf-help\"><\/span>\n\n                    \n                <\/div>\n        <\/li>\n        \n        <li class=\"wpuf-submit\">\n            <div class=\"wpuf-label\">\n                &nbsp;\n            <\/div>\n\n            <input type=\"hidden\" id=\"_wpnonce\" name=\"_wpnonce\" value=\"f58c39915d\" \/><input type=\"hidden\" name=\"_wp_http_referer\" value=\"\/web\/wp-json\/wp\/v2\/pages\/9155\" \/>            <input type=\"hidden\" name=\"form_id\" value=\"10040\">\n            <input type=\"hidden\" name=\"page_id\" value=\"9155\">\n            <input type=\"hidden\" id=\"del_attach\" name=\"delete_attachments[]\">\n            <input type=\"hidden\" name=\"action\" value=\"wpuf_submit_post\">\n\n            \n                            <input type=\"submit\" class=\"wpuf-submit-button wpuf_submit_10040\" name=\"submit\" value=\"Envoyer le message\" \/>\n            \n                    <\/li>\n\n        \n                <\/ul>\n\n            <\/form>\n\n            <\/p><\/div>\n\t<\/div>\n\n\n\t\t\n\n<\/div>\n<\/div>\n\n\t<\/div>\n<\/section>\n\n","protected":false},"excerpt":{"rendered":"<p>Contact Vous souhaitez envoyer un message au Caen Yacht Club, utilisez le formulaire ci-dessous. Nous vous apporterons une r\u00e9ponse d\u00e8s que possible. Nom * Pr\u00e9nom T\u00e9l\u00e9phone&#8230;<\/p>\n","protected":false},"author":6,"featured_media":0,"parent":0,"menu_order":0,"comment_status":"closed","ping_status":"closed","template":"","meta":{"_exactmetrics_skip_tracking":false,"_exactmetrics_sitenote_active":false,"_exactmetrics_sitenote_note":"","_exactmetrics_sitenote_category":0,"jetpack_post_was_ever_published":false,"footnotes":""},"class_list":["post-9155","page","type-page","status-publish","hentry"],"yoast_head":"<!-- This site is optimized with the Yoast SEO plugin v27.3 - https:\/\/yoast.com\/product\/yoast-seo-wordpress\/ -->\n<title>Contactez le Caen Yacht Club avec notre formulaire<\/title>\n<meta name=\"description\" content=\"Utilisez le formulaire sur cette page si vous souhaitez nous envoyer un message concernant l&#039;une de nos activit\u00e9\" \/>\n<meta name=\"robots\" content=\"index, follow, max-snippet:-1, max-image-preview:large, max-video-preview:-1\" \/>\n<link rel=\"canonical\" href=\"https:\/\/caen-yacht-club.com\/web\/contact\/\" \/>\n<meta property=\"og:locale\" content=\"fr_FR\" \/>\n<meta property=\"og:type\" content=\"article\" \/>\n<meta property=\"og:title\" content=\"Contactez le Caen Yacht Club avec notre formulaire\" \/>\n<meta property=\"og:description\" content=\"Utilisez le formulaire sur cette page si vous souhaitez nous envoyer un message concernant l&#039;une de nos activit\u00e9\" \/>\n<meta property=\"og:url\" content=\"https:\/\/caen-yacht-club.com\/web\/contact\/\" \/>\n<meta property=\"og:site_name\" content=\"Caen Yacht Club\" \/>\n<meta property=\"article:modified_time\" content=\"2022-12-27T11:06:02+00:00\" \/>\n<meta property=\"og:image\" content=\"https:\/\/i0.wp.com\/caen-yacht-club.com\/web\/wp-content\/uploads\/2020\/03\/Logo_CYC_20170104-e1585662025871.png?fit=500%2C472&ssl=1\" \/>\n\t<meta property=\"og:image:width\" content=\"500\" \/>\n\t<meta property=\"og:image:height\" content=\"472\" \/>\n\t<meta property=\"og:image:type\" content=\"image\/png\" \/>\n<meta name=\"twitter:card\" content=\"summary_large_image\" \/>\n<meta name=\"twitter:label1\" content=\"Dur\u00e9e de lecture estim\u00e9e\" \/>\n\t<meta name=\"twitter:data1\" content=\"5 minutes\" \/>\n<script type=\"application\/ld+json\" class=\"yoast-schema-graph\">{\"@context\":\"https:\\\/\\\/schema.org\",\"@graph\":[{\"@type\":\"WebPage\",\"@id\":\"https:\\\/\\\/caen-yacht-club.com\\\/web\\\/contact\\\/\",\"url\":\"https:\\\/\\\/caen-yacht-club.com\\\/web\\\/contact\\\/\",\"name\":\"Contactez le Caen Yacht Club avec notre formulaire\",\"isPartOf\":{\"@id\":\"https:\\\/\\\/caen-yacht-club.com\\\/web\\\/#website\"},\"datePublished\":\"2020-04-08T12:30:31+00:00\",\"dateModified\":\"2022-12-27T11:06:02+00:00\",\"description\":\"Utilisez le formulaire sur cette page si vous souhaitez nous envoyer un message concernant l'une de nos activit\u00e9\",\"breadcrumb\":{\"@id\":\"https:\\\/\\\/caen-yacht-club.com\\\/web\\\/contact\\\/#breadcrumb\"},\"inLanguage\":\"fr-FR\",\"potentialAction\":[{\"@type\":\"ReadAction\",\"target\":[\"https:\\\/\\\/caen-yacht-club.com\\\/web\\\/contact\\\/\"]}]},{\"@type\":\"BreadcrumbList\",\"@id\":\"https:\\\/\\\/caen-yacht-club.com\\\/web\\\/contact\\\/#breadcrumb\",\"itemListElement\":[{\"@type\":\"ListItem\",\"position\":1,\"name\":\"Accueil\",\"item\":\"https:\\\/\\\/caen-yacht-club.com\\\/web\\\/\"},{\"@type\":\"ListItem\",\"position\":2,\"name\":\"CYC20_contact\"}]},{\"@type\":\"WebSite\",\"@id\":\"https:\\\/\\\/caen-yacht-club.com\\\/web\\\/#website\",\"url\":\"https:\\\/\\\/caen-yacht-club.com\\\/web\\\/\",\"name\":\"Caen Yacht Club\",\"description\":\"Naviguez en ville\",\"publisher\":{\"@id\":\"https:\\\/\\\/caen-yacht-club.com\\\/web\\\/#organization\"},\"potentialAction\":[{\"@type\":\"SearchAction\",\"target\":{\"@type\":\"EntryPoint\",\"urlTemplate\":\"https:\\\/\\\/caen-yacht-club.com\\\/web\\\/?s={search_term_string}\"},\"query-input\":{\"@type\":\"PropertyValueSpecification\",\"valueRequired\":true,\"valueName\":\"search_term_string\"}}],\"inLanguage\":\"fr-FR\"},{\"@type\":\"Organization\",\"@id\":\"https:\\\/\\\/caen-yacht-club.com\\\/web\\\/#organization\",\"name\":\"Caen Yacht Club\",\"url\":\"https:\\\/\\\/caen-yacht-club.com\\\/web\\\/\",\"logo\":{\"@type\":\"ImageObject\",\"inLanguage\":\"fr-FR\",\"@id\":\"https:\\\/\\\/caen-yacht-club.com\\\/web\\\/#\\\/schema\\\/logo\\\/image\\\/\",\"url\":\"https:\\\/\\\/i0.wp.com\\\/caen-yacht-club.com\\\/web\\\/wp-content\\\/uploads\\\/2020\\\/03\\\/Logo_CYC_20170104-e1585662025871.png?fit=500%2C472&ssl=1\",\"contentUrl\":\"https:\\\/\\\/i0.wp.com\\\/caen-yacht-club.com\\\/web\\\/wp-content\\\/uploads\\\/2020\\\/03\\\/Logo_CYC_20170104-e1585662025871.png?fit=500%2C472&ssl=1\",\"width\":500,\"height\":472,\"caption\":\"Caen Yacht Club\"},\"image\":{\"@id\":\"https:\\\/\\\/caen-yacht-club.com\\\/web\\\/#\\\/schema\\\/logo\\\/image\\\/\"}}]}<\/script>\n<!-- \/ Yoast SEO plugin. -->","yoast_head_json":{"title":"Contactez le Caen Yacht Club avec notre formulaire","description":"Utilisez le formulaire sur cette page si vous souhaitez nous envoyer un message concernant l'une de nos activit\u00e9","robots":{"index":"index","follow":"follow","max-snippet":"max-snippet:-1","max-image-preview":"max-image-preview:large","max-video-preview":"max-video-preview:-1"},"canonical":"https:\/\/caen-yacht-club.com\/web\/contact\/","og_locale":"fr_FR","og_type":"article","og_title":"Contactez le Caen Yacht Club avec notre formulaire","og_description":"Utilisez le formulaire sur cette page si vous souhaitez nous envoyer un message concernant l'une de nos activit\u00e9","og_url":"https:\/\/caen-yacht-club.com\/web\/contact\/","og_site_name":"Caen Yacht Club","article_modified_time":"2022-12-27T11:06:02+00:00","og_image":[{"width":500,"height":472,"url":"https:\/\/i0.wp.com\/caen-yacht-club.com\/web\/wp-content\/uploads\/2020\/03\/Logo_CYC_20170104-e1585662025871.png?fit=500%2C472&ssl=1","type":"image\/png"}],"twitter_card":"summary_large_image","twitter_misc":{"Dur\u00e9e de lecture estim\u00e9e":"5 minutes"},"schema":{"@context":"https:\/\/schema.org","@graph":[{"@type":"WebPage","@id":"https:\/\/caen-yacht-club.com\/web\/contact\/","url":"https:\/\/caen-yacht-club.com\/web\/contact\/","name":"Contactez le Caen Yacht Club avec notre formulaire","isPartOf":{"@id":"https:\/\/caen-yacht-club.com\/web\/#website"},"datePublished":"2020-04-08T12:30:31+00:00","dateModified":"2022-12-27T11:06:02+00:00","description":"Utilisez le formulaire sur cette page si vous souhaitez nous envoyer un message concernant l'une de nos activit\u00e9","breadcrumb":{"@id":"https:\/\/caen-yacht-club.com\/web\/contact\/#breadcrumb"},"inLanguage":"fr-FR","potentialAction":[{"@type":"ReadAction","target":["https:\/\/caen-yacht-club.com\/web\/contact\/"]}]},{"@type":"BreadcrumbList","@id":"https:\/\/caen-yacht-club.com\/web\/contact\/#breadcrumb","itemListElement":[{"@type":"ListItem","position":1,"name":"Accueil","item":"https:\/\/caen-yacht-club.com\/web\/"},{"@type":"ListItem","position":2,"name":"CYC20_contact"}]},{"@type":"WebSite","@id":"https:\/\/caen-yacht-club.com\/web\/#website","url":"https:\/\/caen-yacht-club.com\/web\/","name":"Caen Yacht Club","description":"Naviguez en ville","publisher":{"@id":"https:\/\/caen-yacht-club.com\/web\/#organization"},"potentialAction":[{"@type":"SearchAction","target":{"@type":"EntryPoint","urlTemplate":"https:\/\/caen-yacht-club.com\/web\/?s={search_term_string}"},"query-input":{"@type":"PropertyValueSpecification","valueRequired":true,"valueName":"search_term_string"}}],"inLanguage":"fr-FR"},{"@type":"Organization","@id":"https:\/\/caen-yacht-club.com\/web\/#organization","name":"Caen Yacht Club","url":"https:\/\/caen-yacht-club.com\/web\/","logo":{"@type":"ImageObject","inLanguage":"fr-FR","@id":"https:\/\/caen-yacht-club.com\/web\/#\/schema\/logo\/image\/","url":"https:\/\/i0.wp.com\/caen-yacht-club.com\/web\/wp-content\/uploads\/2020\/03\/Logo_CYC_20170104-e1585662025871.png?fit=500%2C472&ssl=1","contentUrl":"https:\/\/i0.wp.com\/caen-yacht-club.com\/web\/wp-content\/uploads\/2020\/03\/Logo_CYC_20170104-e1585662025871.png?fit=500%2C472&ssl=1","width":500,"height":472,"caption":"Caen Yacht Club"},"image":{"@id":"https:\/\/caen-yacht-club.com\/web\/#\/schema\/logo\/image\/"}}]}},"jetpack_sharing_enabled":true,"jetpack_shortlink":"https:\/\/wp.me\/P7ppuD-2nF","jetpack-related-posts":[{"id":10148,"url":"https:\/\/caen-yacht-club.com\/web\/espace-membre\/","url_meta":{"origin":9155,"position":0},"title":"CYC20_Acc\u00e8s_membres2","author":"Emmanuel LECONTE","date":"19 mai 2020","format":false,"excerpt":"[vc_row overflow=\"default\" hcbrwpb_visible_for_roles=\"administrator,editor\"][vc_column overflow=\"default\" padding_tablet=\"0px -10px 0px -10px\"][vc_tta_accordion style=\"modern\" color=\"sky\" spacing=\"1\" c_icon=\"chevron\" active_section=\"1\" collapsible_all=\"true\" css=\".vc_custom_1592397953907{margin-right: -20px !important;margin-left: -20px !important;}\"][vc_tta_section i_icon_fontawesome=\"fas fa-user\" add_icon=\"true\" title=\"Mon Profil\" tab_id=\"1589903842344-8e18fd6b-1124\"][vc_raw_html]JTVCUE1fUHJvZmlsZSU1RA==[\/vc_raw_html][\/vc_tta_section][vc_tta_section i_icon_fontawesome=\"fas fa-grip-horizontal\" add_icon=\"true\" title=\"Les membres du CYC\" tab_id=\"1589903842343-0839ce57-8f28\"][vc_raw_html]JTVCUE1fU2VhcmNoJTVE[\/vc_raw_html][\/vc_tta_section][vc_tta_section i_icon_fontawesome=\"fas fa-users\" add_icon=\"true\" title=\"Groupes du CYC\" tab_id=\"1589904313171-514c67a6-c5f0\"][vc_raw_html]JTVCUE1fR3JvdXBzJTVE[\/vc_raw_html][\/vc_tta_section][vc_tta_section i_icon_fontawesome=\"fas fa-list-ul\" add_icon=\"true\" title=\"\u00c9v\u00e8nements \u00e0 venir\" tab_id=\"1589904890792-19489f6f-2501\"][\/vc_tta_section][vc_tta_section i_icon_fontawesome=\"far fa-calendar-alt\" add_icon=\"true\"\u2026","rel":"","context":"Article similaire","block_context":{"text":"Article similaire","link":""},"img":{"alt_text":"","src":"","width":0,"height":0},"classes":[]}],"_links":{"self":[{"href":"https:\/\/caen-yacht-club.com\/web\/wp-json\/wp\/v2\/pages\/9155","targetHints":{"allow":["GET"]}}],"collection":[{"href":"https:\/\/caen-yacht-club.com\/web\/wp-json\/wp\/v2\/pages"}],"about":[{"href":"https:\/\/caen-yacht-club.com\/web\/wp-json\/wp\/v2\/types\/page"}],"author":[{"embeddable":true,"href":"https:\/\/caen-yacht-club.com\/web\/wp-json\/wp\/v2\/users\/6"}],"replies":[{"embeddable":true,"href":"https:\/\/caen-yacht-club.com\/web\/wp-json\/wp\/v2\/comments?post=9155"}],"version-history":[{"count":1,"href":"https:\/\/caen-yacht-club.com\/web\/wp-json\/wp\/v2\/pages\/9155\/revisions"}],"predecessor-version":[{"id":12321,"href":"https:\/\/caen-yacht-club.com\/web\/wp-json\/wp\/v2\/pages\/9155\/revisions\/12321"}],"wp:attachment":[{"href":"https:\/\/caen-yacht-club.com\/web\/wp-json\/wp\/v2\/media?parent=9155"}],"curies":[{"name":"wp","href":"https:\/\/api.w.org\/{rel}","templated":true}]}}